{"id":923,"date":"2017-04-09T10:12:19","date_gmt":"2017-04-09T10:12:19","guid":{"rendered":"http:\/\/vidangoz.com\/es\/?page_id=923"},"modified":"2017-04-09T14:13:15","modified_gmt":"2017-04-09T14:13:15","slug":"hermanamiento","status":"publish","type":"page","link":"http:\/\/vidangoz.com\/es\/?page_id=923","title":{"rendered":"Hermanamiento Antiguo-Vid\u00e1ngoz"},"content":{"rendered":"<div class=\"entry-content\" itemprop=\"text\">\n<p><a href=\"http:\/\/vidangoz.com\/es\/wp-content\/uploads\/2017\/04\/antiguo_vidangoz.jpg\"><img loading=\"lazy\" decoding=\"async\" class=\"wp-image-924 aligncenter\" src=\"http:\/\/vidangoz.com\/es\/wp-content\/uploads\/2017\/04\/antiguo_vidangoz.jpg\" alt=\"\" width=\"800\" height=\"512\" srcset=\"http:\/\/vidangoz.com\/es\/wp-content\/uploads\/2017\/04\/antiguo_vidangoz.jpg 1024w, http:\/\/vidangoz.com\/es\/wp-content\/uploads\/2017\/04\/antiguo_vidangoz-300x192.jpg 300w, http:\/\/vidangoz.com\/es\/wp-content\/uploads\/2017\/04\/antiguo_vidangoz-768x491.jpg 768w\" sizes=\"auto, (max-width: 800px) 100vw, 800px\" \/><\/a><\/p>\n<h3 style=\"text-align: center;\">Jornada de hermanamiento Antiguo &#8211; Vid\u00e1ngoz.<br \/>\nVid\u00e1ngoz, 24 de junio de 2017.<\/h3>\n<table border=\"0\" width=\"95%\">\n<tbody>\n<tr>\n<td align=\"center\" width=\"20%\">\n<h3>Informaci\u00f3n<\/h3>\n<\/td>\n<td align=\"center\" width=\"20%\">\n<h3>Inscripciones<\/h3>\n<\/td>\n<td align=\"center\" width=\"20%\">\n<h3>Colabora<\/h3>\n<\/td>\n<\/tr>\n<tr>\n<td align=\"center\"><a href=\"http:\/\/vidangoz.com\/es\/?page_id=934&amp;lang=es\"><img loading=\"lazy\" decoding=\"async\" width=\"150\" height=\"150\" class=\"size-full wp-image-927 aligncenter\" src=\"http:\/\/vidangoz.com\/es\/wp-content\/uploads\/2017\/04\/informacion_web.png\" alt=\"\" srcset=\"http:\/\/vidangoz.com\/es\/wp-content\/uploads\/2017\/04\/informacion_web.png 150w, http:\/\/vidangoz.com\/es\/wp-content\/uploads\/2017\/04\/informacion_web-125x125.png 125w\" sizes=\"auto, (max-width: 150px) 100vw, 150px\" \/><\/a><\/td>\n<td align=\"center\"><a href=\"http:\/\/vidangoz.com\/es\/?page_id=936&amp;lang=es\"><img loading=\"lazy\" decoding=\"async\" width=\"152\" height=\"151\" class=\"size-full wp-image-931 aligncenter\" src=\"http:\/\/vidangoz.com\/es\/wp-content\/uploads\/2017\/04\/inscripciones_web-1.png\" alt=\"\" srcset=\"http:\/\/vidangoz.com\/es\/wp-content\/uploads\/2017\/04\/inscripciones_web-1.png 152w, http:\/\/vidangoz.com\/es\/wp-content\/uploads\/2017\/04\/inscripciones_web-1-150x150.png 150w, http:\/\/vidangoz.com\/es\/wp-content\/uploads\/2017\/04\/inscripciones_web-1-125x125.png 125w\" sizes=\"auto, (max-width: 152px) 100vw, 152px\" \/><\/a><\/td>\n<td align=\"center\"><a href=\"http:\/\/vidangoz.com\/es\/?page_id=939&amp;lang=es\"><img loading=\"lazy\" decoding=\"async\" width=\"176\" height=\"150\" class=\"size-full wp-image-930 aligncenter\" src=\"http:\/\/vidangoz.com\/es\/wp-content\/uploads\/2017\/04\/multimedia_web-1.png\" alt=\"\" \/><\/a><\/td>\n<\/tr>\n<tr>\n<td align=\"center\">[scbutton link=\u00bbhttp:\/\/vidangoz.com\/es\/?page_id=934&amp;lang=es\u00bb variation=\u00bbfresh_green\u00bb size=\u00bbsmall\u00bb align=\u00bbnone\u00bb]Leer m\u00e1s[\/scbutton]<\/td>\n<td align=\"center\">[scbutton link=\u00bbhttp:\/\/vidangoz.com\/es\/?page_id=936&amp;lang=es\u00bb variation=\u00bbfresh_green\u00bb size=\u00bbsmall\u00bb align=\u00bbnone\u00bb]Leer m\u00e1s[\/scbutton]<\/td>\n<td align=\"center\">[scbutton link=\u00bbhttp:\/\/vidangoz.com\/es\/?page_id=939&amp;lang=es\u00bb variation=\u00bbfresh_green\u00bb size=\u00bbsmall\u00bb align=\u00bbnone\u00bb]Leer m\u00e1s[\/scbutton]<\/td>\n<\/tr>\n<\/tbody>\n<\/table>\n\n\n<\/div>\n","protected":false},"excerpt":{"rendered":"<div class=\"entry-summary\" itemprop=\"text\">\n<p>Jornada de hermanamiento Antiguo &#8211; Vid\u00e1ngoz. Vid\u00e1ngoz, 24 de junio de 2017. Informaci\u00f3n Inscripciones Colabora [scbutton link=\u00bbhttp:\/\/vidangoz.com\/es\/?page_id=934&amp;lang=es\u00bb variation=\u00bbfresh_green\u00bb size=\u00bbsmall\u00bb align=\u00bbnone\u00bb]Leer m\u00e1s[\/scbutton] [scbutton link=\u00bbhttp:\/\/vidangoz.com\/es\/?page_id=936&amp;lang=es\u00bb variation=\u00bbfresh_green\u00bb size=\u00bbsmall\u00bb align=\u00bbnone\u00bb]Leer m\u00e1s[\/scbutton] [scbutton link=\u00bbhttp:\/\/vidangoz.com\/es\/?page_id=939&amp;lang=es\u00bb variation=\u00bbfresh_green\u00bb size=\u00bbsmall\u00bb align=\u00bbnone\u00bb]Leer m\u00e1s[\/scbutton]<\/p>\n\n<\/div>\n","protected":false},"author":1,"featured_media":0,"parent":0,"menu_order":0,"comment_status":"closed","ping_status":"closed","template":"template.fullwidth.php","meta":{"ngg_post_thumbnail":0,"footnotes":""},"class_list":["post-923","page","type-page","status-publish","hentry","entry-lead"],"_links":{"self":[{"href":"http:\/\/vidangoz.com\/es\/index.php?rest_route=\/wp\/v2\/pages\/923","targetHints":{"allow":["GET"]}}],"collection":[{"href":"http:\/\/vidangoz.com\/es\/index.php?rest_route=\/wp\/v2\/pages"}],"about":[{"href":"http:\/\/vidangoz.com\/es\/index.php?rest_route=\/wp\/v2\/types\/page"}],"author":[{"embeddable":true,"href":"http:\/\/vidangoz.com\/es\/index.php?rest_route=\/wp\/v2\/users\/1"}],"replies":[{"embeddable":true,"href":"http:\/\/vidangoz.com\/es\/index.php?rest_route=%2Fwp%2Fv2%2Fcomments&post=923"}],"version-history":[{"count":11,"href":"http:\/\/vidangoz.com\/es\/index.php?rest_route=\/wp\/v2\/pages\/923\/revisions"}],"predecessor-version":[{"id":972,"href":"http:\/\/vidangoz.com\/es\/index.php?rest_route=\/wp\/v2\/pages\/923\/revisions\/972"}],"wp:attachment":[{"href":"http:\/\/vidangoz.com\/es\/index.php?rest_route=%2Fwp%2Fv2%2Fmedia&parent=923"}],"curies":[{"name":"wp","href":"https:\/\/api.w.org\/{rel}","templated":true}]}}