{"id":78,"date":"2015-06-24T09:07:01","date_gmt":"2015-06-24T09:07:01","guid":{"rendered":"http:\/\/vidangoz.com\/es\/?page_id=78"},"modified":"2017-03-22T10:28:07","modified_gmt":"2017-03-22T10:28:07","slug":"barrio-iribarnea","status":"publish","type":"page","link":"http:\/\/vidangoz.com\/es\/?page_id=78","title":{"rendered":"Barrio Iribarnea"},"content":{"rendered":"<div class=\"entry-content\" itemprop=\"text\">\n<p>El barrio <em>Iribarnea<\/em> es aquel delimitado por la calle <em>Tejer\u00eda<\/em>, la calle Mayor y el r\u00edo Bini\u00e9s, si bien tambi\u00e9n se incluyen en este barrio las dos casas situadas en El Castillo.<\/p>\n<p>Pulsando sobre cada imagen puede verse la foto de cada casa a mayor tama\u00f1o.<\/p>\n<p>Por otra parte, pulsando sobre su nombre, puede saber algo m\u00e1s sobre la historia de las siguientes casas de este barrio (se ir\u00e1n a\u00f1adiendo m\u00e1s): <em><a href=\"http:\/\/vidangoz.com\/bidankozarte\/?p=126\" target=\"_blank\">Xereno<\/a>, <a href=\"http:\/\/vidangoz.com\/bidankozarte\/?p=197\" target=\"_blank\">Anarna<\/a>, <a href=\"http:\/\/vidangoz.com\/bidankozarte\/?p=654\" target=\"_blank\">Txantxolit<\/a>, <a href=\"http:\/\/vidangoz.com\/bidankozarte\/?p=983\" target=\"_blank\">Kostiol<\/a><\/em> y <em><a href=\"http:\/\/vidangoz.com\/bidankozarte\/?p=1541\" target=\"_blank\">Pantxo<\/a><\/em>.<\/p>\n<p>Para ver los dem\u00e1s barrios: <a href=\"http:\/\/vidangoz.com\/es\/?page_id=36\">IRIBURUA<\/a> \/\/ <a href=\"http:\/\/vidangoz.com\/es\/?page_id=75\">IRIARTEA<\/a> \/\/ <a href=\"http:\/\/vidangoz.com\/es\/?page_id=80\">EGULLORRE<\/a><\/p>\n<p>\n<div class=\"ngg-galleryoverview ngg-template-caption\" id=\"ngg-gallery-35c4a14fa045461faa3be805550cfcff-78\">\n\n\t\t\n\t<!-- Thumbnails -->\n\t\t\t\t\n\t<div id=\"ngg-image-31\" class=\"ngg-gallery-thumbnail-box\" style=\"width:25%;\" >\n\t\t<div class=\"ngg-gallery-thumbnail\" >\n\t\t\t<a href=\"http:\/\/vidangoz.com\/es\/wp-content\/gallery\/iribarnea\/049_santxena.JPG\"\n\t\t\t\ttitle=\"Santxena\"\n\t\t\t\tclass=\"ngg-fancybox\" rel=\"35c4a14fa045461faa3be805550cfcff\" data-image-id=\"31\" data-src=\"http:\/\/vidangoz.com\/es\/wp-content\/gallery\/iribarnea\/049_santxena.JPG\" data-thumbnail=\"http:\/\/vidangoz.com\/es\/wp-content\/gallery\/iribarnea\/cache\/049_santxena.JPG-nggid0231-ngg0dyn-220x160x100-00f0w010c011r110f110r010t010.JPG\" data-title=\"049_santxena\" data-description=\"Santxena\" >\n\t\t\t\t\t\t\t\t<img title=\"049_santxena\" alt=\"049_santxena\" src=\"http:\/\/vidangoz.com\/es\/wp-content\/gallery\/iribarnea\/cache\/049_santxena.JPG-nggid0231-ngg0dyn-220x160x100-00f0w010c011r110f110r010t010.JPG\" width='220' height='160' \/>\n\t\t\t\t\t\t\t<\/a>\n\t\t\t<span>\n\t\t\tSantxena\t\t\t<\/span>\n\t\t<\/div>\n\t<\/div>\n\t\t\t\t\t\t\t\n\t<div id=\"ngg-image-40\" class=\"ngg-gallery-thumbnail-box\" style=\"width:25%;\" >\n\t\t<div class=\"ngg-gallery-thumbnail\" >\n\t\t\t<a href=\"http:\/\/vidangoz.com\/es\/wp-content\/gallery\/iribarnea\/078_martin.jpg\"\n\t\t\t\ttitle=\"Mart\u00edn\"\n\t\t\t\tclass=\"ngg-fancybox\" rel=\"35c4a14fa045461faa3be805550cfcff\" data-image-id=\"40\" data-src=\"http:\/\/vidangoz.com\/es\/wp-content\/gallery\/iribarnea\/078_martin.jpg\" data-thumbnail=\"http:\/\/vidangoz.com\/es\/wp-content\/gallery\/iribarnea\/cache\/078_martin.jpg-nggid0240-ngg0dyn-220x160x100-00f0w010c011r110f110r010t010.jpg\" data-title=\"078_martin\" data-description=\"Mart\u00edn\" >\n\t\t\t\t\t\t\t\t<img title=\"078_martin\" alt=\"078_martin\" src=\"http:\/\/vidangoz.com\/es\/wp-content\/gallery\/iribarnea\/cache\/078_martin.jpg-nggid0240-ngg0dyn-220x160x100-00f0w010c011r110f110r010t010.jpg\" width='220' height='160' \/>\n\t\t\t\t\t\t\t<\/a>\n\t\t\t<span>\n\t\t\tMart\u00edn\t\t\t<\/span>\n\t\t<\/div>\n\t<\/div>\n\t\t\t\t\t\t\t\n\t<div id=\"ngg-image-39\" class=\"ngg-gallery-thumbnail-box\" style=\"width:25%;\" >\n\t\t<div class=\"ngg-gallery-thumbnail\" >\n\t\t\t<a href=\"http:\/\/vidangoz.com\/es\/wp-content\/gallery\/iribarnea\/077_largotena.jpg\"\n\t\t\t\ttitle=\"Largotena\"\n\t\t\t\tclass=\"ngg-fancybox\" rel=\"35c4a14fa045461faa3be805550cfcff\" data-image-id=\"39\" data-src=\"http:\/\/vidangoz.com\/es\/wp-content\/gallery\/iribarnea\/077_largotena.jpg\" data-thumbnail=\"http:\/\/vidangoz.com\/es\/wp-content\/gallery\/iribarnea\/cache\/077_largotena.jpg-nggid0239-ngg0dyn-220x160x100-00f0w010c011r110f110r010t010.jpg\" data-title=\"077_largotena\" data-description=\"Largotena\" >\n\t\t\t\t\t\t\t\t<img title=\"077_largotena\" alt=\"077_largotena\" src=\"http:\/\/vidangoz.com\/es\/wp-content\/gallery\/iribarnea\/cache\/077_largotena.jpg-nggid0239-ngg0dyn-220x160x100-00f0w010c011r110f110r010t010.jpg\" width='220' height='160' \/>\n\t\t\t\t\t\t\t<\/a>\n\t\t\t<span>\n\t\t\tLargotena\t\t\t<\/span>\n\t\t<\/div>\n\t<\/div>\n\t\t\t\t\t\t\t\n\t<div id=\"ngg-image-38\" class=\"ngg-gallery-thumbnail-box\" style=\"width:25%;\" >\n\t\t<div class=\"ngg-gallery-thumbnail\" >\n\t\t\t<a href=\"http:\/\/vidangoz.com\/es\/wp-content\/gallery\/iribarnea\/076_txestas.jpg\"\n\t\t\t\ttitle=\"Txestas\"\n\t\t\t\tclass=\"ngg-fancybox\" rel=\"35c4a14fa045461faa3be805550cfcff\" data-image-id=\"38\" data-src=\"http:\/\/vidangoz.com\/es\/wp-content\/gallery\/iribarnea\/076_txestas.jpg\" data-thumbnail=\"http:\/\/vidangoz.com\/es\/wp-content\/gallery\/iribarnea\/cache\/076_txestas.jpg-nggid0238-ngg0dyn-220x160x100-00f0w010c011r110f110r010t010.jpg\" data-title=\"076_txestas\" data-description=\"Txestas\" >\n\t\t\t\t\t\t\t\t<img title=\"076_txestas\" alt=\"076_txestas\" src=\"http:\/\/vidangoz.com\/es\/wp-content\/gallery\/iribarnea\/cache\/076_txestas.jpg-nggid0238-ngg0dyn-220x160x100-00f0w010c011r110f110r010t010.jpg\" width='220' height='160' \/>\n\t\t\t\t\t\t\t<\/a>\n\t\t\t<span>\n\t\t\tTxestas\t\t\t<\/span>\n\t\t<\/div>\n\t<\/div>\n\t\t\t\t\t\t\t<br style=\"clear: both\" \/>\n\t\t\n\t<div id=\"ngg-image-37\" class=\"ngg-gallery-thumbnail-box\" style=\"width:25%;\" >\n\t\t<div class=\"ngg-gallery-thumbnail\" >\n\t\t\t<a href=\"http:\/\/vidangoz.com\/es\/wp-content\/gallery\/iribarnea\/055_arlla.jpg\"\n\t\t\t\ttitle=\"Arlla\"\n\t\t\t\tclass=\"ngg-fancybox\" rel=\"35c4a14fa045461faa3be805550cfcff\" data-image-id=\"37\" data-src=\"http:\/\/vidangoz.com\/es\/wp-content\/gallery\/iribarnea\/055_arlla.jpg\" data-thumbnail=\"http:\/\/vidangoz.com\/es\/wp-content\/gallery\/iribarnea\/cache\/055_arlla.jpg-nggid0237-ngg0dyn-220x160x100-00f0w010c011r110f110r010t010.jpg\" data-title=\"055_arlla\" data-description=\"Arlla\" >\n\t\t\t\t\t\t\t\t<img title=\"055_arlla\" alt=\"055_arlla\" src=\"http:\/\/vidangoz.com\/es\/wp-content\/gallery\/iribarnea\/cache\/055_arlla.jpg-nggid0237-ngg0dyn-220x160x100-00f0w010c011r110f110r010t010.jpg\" width='220' height='160' \/>\n\t\t\t\t\t\t\t<\/a>\n\t\t\t<span>\n\t\t\tArlla\t\t\t<\/span>\n\t\t<\/div>\n\t<\/div>\n\t\t\t\t\t\t\t\n\t<div id=\"ngg-image-36\" class=\"ngg-gallery-thumbnail-box\" style=\"width:25%;\" >\n\t\t<div class=\"ngg-gallery-thumbnail\" >\n\t\t\t<a href=\"http:\/\/vidangoz.com\/es\/wp-content\/gallery\/iribarnea\/054_xapatero.jpg\"\n\t\t\t\ttitle=\"Xapatero\"\n\t\t\t\tclass=\"ngg-fancybox\" rel=\"35c4a14fa045461faa3be805550cfcff\" data-image-id=\"36\" data-src=\"http:\/\/vidangoz.com\/es\/wp-content\/gallery\/iribarnea\/054_xapatero.jpg\" data-thumbnail=\"http:\/\/vidangoz.com\/es\/wp-content\/gallery\/iribarnea\/cache\/054_xapatero.jpg-nggid0236-ngg0dyn-220x160x100-00f0w010c011r110f110r010t010.jpg\" data-title=\"054_xapatero\" data-description=\"Xapatero\" >\n\t\t\t\t\t\t\t\t<img title=\"054_xapatero\" alt=\"054_xapatero\" src=\"http:\/\/vidangoz.com\/es\/wp-content\/gallery\/iribarnea\/cache\/054_xapatero.jpg-nggid0236-ngg0dyn-220x160x100-00f0w010c011r110f110r010t010.jpg\" width='220' height='160' \/>\n\t\t\t\t\t\t\t<\/a>\n\t\t\t<span>\n\t\t\tXapatero\t\t\t<\/span>\n\t\t<\/div>\n\t<\/div>\n\t\t\t\t\t\t\t\n\t<div id=\"ngg-image-35\" class=\"ngg-gallery-thumbnail-box\" style=\"width:25%;\" >\n\t\t<div class=\"ngg-gallery-thumbnail\" >\n\t\t\t<a href=\"http:\/\/vidangoz.com\/es\/wp-content\/gallery\/iribarnea\/053_salbotx.jpg\"\n\t\t\t\ttitle=\"Salbotx\"\n\t\t\t\tclass=\"ngg-fancybox\" rel=\"35c4a14fa045461faa3be805550cfcff\" data-image-id=\"35\" data-src=\"http:\/\/vidangoz.com\/es\/wp-content\/gallery\/iribarnea\/053_salbotx.jpg\" data-thumbnail=\"http:\/\/vidangoz.com\/es\/wp-content\/gallery\/iribarnea\/cache\/053_salbotx.jpg-nggid0235-ngg0dyn-220x160x100-00f0w010c011r110f110r010t010.jpg\" data-title=\"053_salbotx\" data-description=\"Salbotx\" >\n\t\t\t\t\t\t\t\t<img title=\"053_salbotx\" alt=\"053_salbotx\" src=\"http:\/\/vidangoz.com\/es\/wp-content\/gallery\/iribarnea\/cache\/053_salbotx.jpg-nggid0235-ngg0dyn-220x160x100-00f0w010c011r110f110r010t010.jpg\" width='220' height='160' \/>\n\t\t\t\t\t\t\t<\/a>\n\t\t\t<span>\n\t\t\tSalbotx\t\t\t<\/span>\n\t\t<\/div>\n\t<\/div>\n\t\t\t\t\t\t\t\n\t<div id=\"ngg-image-34\" class=\"ngg-gallery-thumbnail-box\" style=\"width:25%;\" >\n\t\t<div class=\"ngg-gallery-thumbnail\" >\n\t\t\t<a href=\"http:\/\/vidangoz.com\/es\/wp-content\/gallery\/iribarnea\/052_rakax.jpg\"\n\t\t\t\ttitle=\"Rakax\"\n\t\t\t\tclass=\"ngg-fancybox\" rel=\"35c4a14fa045461faa3be805550cfcff\" data-image-id=\"34\" data-src=\"http:\/\/vidangoz.com\/es\/wp-content\/gallery\/iribarnea\/052_rakax.jpg\" data-thumbnail=\"http:\/\/vidangoz.com\/es\/wp-content\/gallery\/iribarnea\/cache\/052_rakax.jpg-nggid0234-ngg0dyn-220x160x100-00f0w010c011r110f110r010t010.jpg\" data-title=\"052_rakax\" data-description=\"Rakax\" >\n\t\t\t\t\t\t\t\t<img title=\"052_rakax\" alt=\"052_rakax\" src=\"http:\/\/vidangoz.com\/es\/wp-content\/gallery\/iribarnea\/cache\/052_rakax.jpg-nggid0234-ngg0dyn-220x160x100-00f0w010c011r110f110r010t010.jpg\" width='220' height='160' \/>\n\t\t\t\t\t\t\t<\/a>\n\t\t\t<span>\n\t\t\tRakax\t\t\t<\/span>\n\t\t<\/div>\n\t<\/div>\n\t\t\t\t\t\t\t<br style=\"clear: both\" \/>\n\t\t\n\t<div id=\"ngg-image-33\" class=\"ngg-gallery-thumbnail-box\" style=\"width:25%;\" >\n\t\t<div class=\"ngg-gallery-thumbnail\" >\n\t\t\t<a href=\"http:\/\/vidangoz.com\/es\/wp-content\/gallery\/iribarnea\/051_maisterra.jpg\"\n\t\t\t\ttitle=\"Maisterra\"\n\t\t\t\tclass=\"ngg-fancybox\" rel=\"35c4a14fa045461faa3be805550cfcff\" data-image-id=\"33\" data-src=\"http:\/\/vidangoz.com\/es\/wp-content\/gallery\/iribarnea\/051_maisterra.jpg\" data-thumbnail=\"http:\/\/vidangoz.com\/es\/wp-content\/gallery\/iribarnea\/cache\/051_maisterra.jpg-nggid0233-ngg0dyn-220x160x100-00f0w010c011r110f110r010t010.jpg\" data-title=\"051_maisterra\" data-description=\"Maisterra\" >\n\t\t\t\t\t\t\t\t<img title=\"051_maisterra\" alt=\"051_maisterra\" src=\"http:\/\/vidangoz.com\/es\/wp-content\/gallery\/iribarnea\/cache\/051_maisterra.jpg-nggid0233-ngg0dyn-220x160x100-00f0w010c011r110f110r010t010.jpg\" width='220' height='160' \/>\n\t\t\t\t\t\t\t<\/a>\n\t\t\t<span>\n\t\t\tMaisterra\t\t\t<\/span>\n\t\t<\/div>\n\t<\/div>\n\t\t\t\t\t\t\t\n\t<div id=\"ngg-image-32\" class=\"ngg-gallery-thumbnail-box\" style=\"width:25%;\" >\n\t\t<div class=\"ngg-gallery-thumbnail\" >\n\t\t\t<a href=\"http:\/\/vidangoz.com\/es\/wp-content\/gallery\/iribarnea\/050_larrambe.jpg\"\n\t\t\t\ttitle=\"Larrambe\"\n\t\t\t\tclass=\"ngg-fancybox\" rel=\"35c4a14fa045461faa3be805550cfcff\" data-image-id=\"32\" data-src=\"http:\/\/vidangoz.com\/es\/wp-content\/gallery\/iribarnea\/050_larrambe.jpg\" data-thumbnail=\"http:\/\/vidangoz.com\/es\/wp-content\/gallery\/iribarnea\/cache\/050_larrambe.jpg-nggid0232-ngg0dyn-220x160x100-00f0w010c011r110f110r010t010.jpg\" data-title=\"050_larrambe\" data-description=\"Larrambe\" >\n\t\t\t\t\t\t\t\t<img title=\"050_larrambe\" alt=\"050_larrambe\" src=\"http:\/\/vidangoz.com\/es\/wp-content\/gallery\/iribarnea\/cache\/050_larrambe.jpg-nggid0232-ngg0dyn-220x160x100-00f0w010c011r110f110r010t010.jpg\" width='220' height='160' \/>\n\t\t\t\t\t\t\t<\/a>\n\t\t\t<span>\n\t\t\tLarrambe\t\t\t<\/span>\n\t\t<\/div>\n\t<\/div>\n\t\t\t\t\t\t\t\n\t<div id=\"ngg-image-21\" class=\"ngg-gallery-thumbnail-box\" style=\"width:25%;\" >\n\t\t<div class=\"ngg-gallery-thumbnail\" >\n\t\t\t<a href=\"http:\/\/vidangoz.com\/es\/wp-content\/gallery\/iribarnea\/039_xereno.jpg\"\n\t\t\t\ttitle=\"Xereno\"\n\t\t\t\tclass=\"ngg-fancybox\" rel=\"35c4a14fa045461faa3be805550cfcff\" data-image-id=\"21\" data-src=\"http:\/\/vidangoz.com\/es\/wp-content\/gallery\/iribarnea\/039_xereno.jpg\" data-thumbnail=\"http:\/\/vidangoz.com\/es\/wp-content\/gallery\/iribarnea\/cache\/039_xereno.jpg-nggid0221-ngg0dyn-220x160x100-00f0w010c011r110f110r010t010.jpg\" data-title=\"039_xereno\" data-description=\"Xereno\" >\n\t\t\t\t\t\t\t\t<img title=\"039_xereno\" alt=\"039_xereno\" src=\"http:\/\/vidangoz.com\/es\/wp-content\/gallery\/iribarnea\/cache\/039_xereno.jpg-nggid0221-ngg0dyn-220x160x100-00f0w010c011r110f110r010t010.jpg\" width='220' height='160' \/>\n\t\t\t\t\t\t\t<\/a>\n\t\t\t<span>\n\t\t\tXereno\t\t\t<\/span>\n\t\t<\/div>\n\t<\/div>\n\t\t\t\t\t\t\t\n\t<div id=\"ngg-image-30\" class=\"ngg-gallery-thumbnail-box\" style=\"width:25%;\" >\n\t\t<div class=\"ngg-gallery-thumbnail\" >\n\t\t\t<a href=\"http:\/\/vidangoz.com\/es\/wp-content\/gallery\/iribarnea\/048_arbizu.jpg\"\n\t\t\t\ttitle=\"Arbizu\"\n\t\t\t\tclass=\"ngg-fancybox\" rel=\"35c4a14fa045461faa3be805550cfcff\" data-image-id=\"30\" data-src=\"http:\/\/vidangoz.com\/es\/wp-content\/gallery\/iribarnea\/048_arbizu.jpg\" data-thumbnail=\"http:\/\/vidangoz.com\/es\/wp-content\/gallery\/iribarnea\/cache\/048_arbizu.jpg-nggid0230-ngg0dyn-220x160x100-00f0w010c011r110f110r010t010.jpg\" data-title=\"048_arbizu\" data-description=\"Arbizu\" >\n\t\t\t\t\t\t\t\t<img title=\"048_arbizu\" alt=\"048_arbizu\" src=\"http:\/\/vidangoz.com\/es\/wp-content\/gallery\/iribarnea\/cache\/048_arbizu.jpg-nggid0230-ngg0dyn-220x160x100-00f0w010c011r110f110r010t010.jpg\" width='220' height='160' \/>\n\t\t\t\t\t\t\t<\/a>\n\t\t\t<span>\n\t\t\tArbizu\t\t\t<\/span>\n\t\t<\/div>\n\t<\/div>\n\t\t\t\t\t\t\t<br style=\"clear: both\" \/>\n\t\t\n\t<div id=\"ngg-image-29\" class=\"ngg-gallery-thumbnail-box\" style=\"width:25%;\" >\n\t\t<div class=\"ngg-gallery-thumbnail\" >\n\t\t\t<a href=\"http:\/\/vidangoz.com\/es\/wp-content\/gallery\/iribarnea\/047_ornat.jpg\"\n\t\t\t\ttitle=\"Ornat\"\n\t\t\t\tclass=\"ngg-fancybox\" rel=\"35c4a14fa045461faa3be805550cfcff\" data-image-id=\"29\" data-src=\"http:\/\/vidangoz.com\/es\/wp-content\/gallery\/iribarnea\/047_ornat.jpg\" data-thumbnail=\"http:\/\/vidangoz.com\/es\/wp-content\/gallery\/iribarnea\/cache\/047_ornat.jpg-nggid0229-ngg0dyn-220x160x100-00f0w010c011r110f110r010t010.jpg\" data-title=\"047_ornat\" data-description=\"Ornat\" >\n\t\t\t\t\t\t\t\t<img title=\"047_ornat\" alt=\"047_ornat\" src=\"http:\/\/vidangoz.com\/es\/wp-content\/gallery\/iribarnea\/cache\/047_ornat.jpg-nggid0229-ngg0dyn-220x160x100-00f0w010c011r110f110r010t010.jpg\" width='220' height='160' \/>\n\t\t\t\t\t\t\t<\/a>\n\t\t\t<span>\n\t\t\tOrnat\t\t\t<\/span>\n\t\t<\/div>\n\t<\/div>\n\t\t\t\t\t\t\t\n\t<div id=\"ngg-image-28\" class=\"ngg-gallery-thumbnail-box\" style=\"width:25%;\" >\n\t\t<div class=\"ngg-gallery-thumbnail\" >\n\t\t\t<a href=\"http:\/\/vidangoz.com\/es\/wp-content\/gallery\/iribarnea\/046_secretario.jpg\"\n\t\t\t\ttitle=\"Secretario\"\n\t\t\t\tclass=\"ngg-fancybox\" rel=\"35c4a14fa045461faa3be805550cfcff\" data-image-id=\"28\" data-src=\"http:\/\/vidangoz.com\/es\/wp-content\/gallery\/iribarnea\/046_secretario.jpg\" data-thumbnail=\"http:\/\/vidangoz.com\/es\/wp-content\/gallery\/iribarnea\/cache\/046_secretario.jpg-nggid0228-ngg0dyn-220x160x100-00f0w010c011r110f110r010t010.jpg\" data-title=\"046_secretario\" data-description=\"Secretario\" >\n\t\t\t\t\t\t\t\t<img title=\"046_secretario\" alt=\"046_secretario\" src=\"http:\/\/vidangoz.com\/es\/wp-content\/gallery\/iribarnea\/cache\/046_secretario.jpg-nggid0228-ngg0dyn-220x160x100-00f0w010c011r110f110r010t010.jpg\" width='220' height='160' \/>\n\t\t\t\t\t\t\t<\/a>\n\t\t\t<span>\n\t\t\tSecretario\t\t\t<\/span>\n\t\t<\/div>\n\t<\/div>\n\t\t\t\t\t\t\t\n\t<div id=\"ngg-image-27\" class=\"ngg-gallery-thumbnail-box\" style=\"width:25%;\" >\n\t\t<div class=\"ngg-gallery-thumbnail\" >\n\t\t\t<a href=\"http:\/\/vidangoz.com\/es\/wp-content\/gallery\/iribarnea\/045_maizena.jpg\"\n\t\t\t\ttitle=\"Maizena\"\n\t\t\t\tclass=\"ngg-fancybox\" rel=\"35c4a14fa045461faa3be805550cfcff\" data-image-id=\"27\" data-src=\"http:\/\/vidangoz.com\/es\/wp-content\/gallery\/iribarnea\/045_maizena.jpg\" data-thumbnail=\"http:\/\/vidangoz.com\/es\/wp-content\/gallery\/iribarnea\/cache\/045_maizena.jpg-nggid0227-ngg0dyn-220x160x100-00f0w010c011r110f110r010t010.jpg\" data-title=\"045_maizena\" data-description=\"Maizena\" >\n\t\t\t\t\t\t\t\t<img title=\"045_maizena\" alt=\"045_maizena\" src=\"http:\/\/vidangoz.com\/es\/wp-content\/gallery\/iribarnea\/cache\/045_maizena.jpg-nggid0227-ngg0dyn-220x160x100-00f0w010c011r110f110r010t010.jpg\" width='220' height='160' \/>\n\t\t\t\t\t\t\t<\/a>\n\t\t\t<span>\n\t\t\tMaizena\t\t\t<\/span>\n\t\t<\/div>\n\t<\/div>\n\t\t\t\t\t\t\t\n\t<div id=\"ngg-image-26\" class=\"ngg-gallery-thumbnail-box\" style=\"width:25%;\" >\n\t\t<div class=\"ngg-gallery-thumbnail\" >\n\t\t\t<a href=\"http:\/\/vidangoz.com\/es\/wp-content\/gallery\/iribarnea\/044_ferniando.jpg\"\n\t\t\t\ttitle=\"Ferniando\"\n\t\t\t\tclass=\"ngg-fancybox\" rel=\"35c4a14fa045461faa3be805550cfcff\" data-image-id=\"26\" data-src=\"http:\/\/vidangoz.com\/es\/wp-content\/gallery\/iribarnea\/044_ferniando.jpg\" data-thumbnail=\"http:\/\/vidangoz.com\/es\/wp-content\/gallery\/iribarnea\/cache\/044_ferniando.jpg-nggid0226-ngg0dyn-220x160x100-00f0w010c011r110f110r010t010.jpg\" data-title=\"044_ferniando\" data-description=\"Ferniando\" >\n\t\t\t\t\t\t\t\t<img title=\"044_ferniando\" alt=\"044_ferniando\" src=\"http:\/\/vidangoz.com\/es\/wp-content\/gallery\/iribarnea\/cache\/044_ferniando.jpg-nggid0226-ngg0dyn-220x160x100-00f0w010c011r110f110r010t010.jpg\" width='220' height='160' \/>\n\t\t\t\t\t\t\t<\/a>\n\t\t\t<span>\n\t\t\tFerniando\t\t\t<\/span>\n\t\t<\/div>\n\t<\/div>\n\t\t\t\t\t\t\t<br style=\"clear: both\" \/>\n\t\t\n\t<div id=\"ngg-image-25\" class=\"ngg-gallery-thumbnail-box\" style=\"width:25%;\" >\n\t\t<div class=\"ngg-gallery-thumbnail\" >\n\t\t\t<a href=\"http:\/\/vidangoz.com\/es\/wp-content\/gallery\/iribarnea\/043_pantxo.jpg\"\n\t\t\t\ttitle=\"Pantxo\"\n\t\t\t\tclass=\"ngg-fancybox\" rel=\"35c4a14fa045461faa3be805550cfcff\" data-image-id=\"25\" data-src=\"http:\/\/vidangoz.com\/es\/wp-content\/gallery\/iribarnea\/043_pantxo.jpg\" data-thumbnail=\"http:\/\/vidangoz.com\/es\/wp-content\/gallery\/iribarnea\/cache\/043_pantxo.jpg-nggid0225-ngg0dyn-220x160x100-00f0w010c011r110f110r010t010.jpg\" data-title=\"043_pantxo\" data-description=\"Pantxo\" >\n\t\t\t\t\t\t\t\t<img title=\"043_pantxo\" alt=\"043_pantxo\" src=\"http:\/\/vidangoz.com\/es\/wp-content\/gallery\/iribarnea\/cache\/043_pantxo.jpg-nggid0225-ngg0dyn-220x160x100-00f0w010c011r110f110r010t010.jpg\" width='220' height='160' \/>\n\t\t\t\t\t\t\t<\/a>\n\t\t\t<span>\n\t\t\tPantxo\t\t\t<\/span>\n\t\t<\/div>\n\t<\/div>\n\t\t\t\t\t\t\t\n\t<div id=\"ngg-image-24\" class=\"ngg-gallery-thumbnail-box\" style=\"width:25%;\" >\n\t\t<div class=\"ngg-gallery-thumbnail\" >\n\t\t\t<a href=\"http:\/\/vidangoz.com\/es\/wp-content\/gallery\/iribarnea\/042_kostiol.jpg\"\n\t\t\t\ttitle=\"Kostiol\"\n\t\t\t\tclass=\"ngg-fancybox\" rel=\"35c4a14fa045461faa3be805550cfcff\" data-image-id=\"24\" data-src=\"http:\/\/vidangoz.com\/es\/wp-content\/gallery\/iribarnea\/042_kostiol.jpg\" data-thumbnail=\"http:\/\/vidangoz.com\/es\/wp-content\/gallery\/iribarnea\/cache\/042_kostiol.jpg-nggid0224-ngg0dyn-220x160x100-00f0w010c011r110f110r010t010.jpg\" data-title=\"042_kostiol\" data-description=\"Kostiol\" >\n\t\t\t\t\t\t\t\t<img title=\"042_kostiol\" alt=\"042_kostiol\" src=\"http:\/\/vidangoz.com\/es\/wp-content\/gallery\/iribarnea\/cache\/042_kostiol.jpg-nggid0224-ngg0dyn-220x160x100-00f0w010c011r110f110r010t010.jpg\" width='220' height='160' \/>\n\t\t\t\t\t\t\t<\/a>\n\t\t\t<span>\n\t\t\tKostiol\t\t\t<\/span>\n\t\t<\/div>\n\t<\/div>\n\t\t\t\t\t\t\t\n\t<div id=\"ngg-image-23\" class=\"ngg-gallery-thumbnail-box\" style=\"width:25%;\" >\n\t\t<div class=\"ngg-gallery-thumbnail\" >\n\t\t\t<a href=\"http:\/\/vidangoz.com\/es\/wp-content\/gallery\/iribarnea\/041_txantxolit_casero.jpg\"\n\t\t\t\ttitle=\"Txantxolit\"\n\t\t\t\tclass=\"ngg-fancybox\" rel=\"35c4a14fa045461faa3be805550cfcff\" data-image-id=\"23\" data-src=\"http:\/\/vidangoz.com\/es\/wp-content\/gallery\/iribarnea\/041_txantxolit_casero.jpg\" data-thumbnail=\"http:\/\/vidangoz.com\/es\/wp-content\/gallery\/iribarnea\/cache\/041_txantxolit_casero.jpg-nggid0223-ngg0dyn-220x160x100-00f0w010c011r110f110r010t010.jpg\" data-title=\"041_txantxolit_casero\" data-description=\"Txantxolit\" >\n\t\t\t\t\t\t\t\t<img title=\"041_txantxolit_casero\" alt=\"041_txantxolit_casero\" src=\"http:\/\/vidangoz.com\/es\/wp-content\/gallery\/iribarnea\/cache\/041_txantxolit_casero.jpg-nggid0223-ngg0dyn-220x160x100-00f0w010c011r110f110r010t010.jpg\" width='220' height='160' \/>\n\t\t\t\t\t\t\t<\/a>\n\t\t\t<span>\n\t\t\tTxantxolit\t\t\t<\/span>\n\t\t<\/div>\n\t<\/div>\n\t\t\t\t\t\t\t\n\t<div id=\"ngg-image-22\" class=\"ngg-gallery-thumbnail-box\" style=\"width:25%;\" >\n\t\t<div class=\"ngg-gallery-thumbnail\" >\n\t\t\t<a href=\"http:\/\/vidangoz.com\/es\/wp-content\/gallery\/iribarnea\/040_anarna.jpg\"\n\t\t\t\ttitle=\"Anarna\"\n\t\t\t\tclass=\"ngg-fancybox\" rel=\"35c4a14fa045461faa3be805550cfcff\" data-image-id=\"22\" data-src=\"http:\/\/vidangoz.com\/es\/wp-content\/gallery\/iribarnea\/040_anarna.jpg\" data-thumbnail=\"http:\/\/vidangoz.com\/es\/wp-content\/gallery\/iribarnea\/cache\/040_anarna.jpg-nggid0222-ngg0dyn-220x160x100-00f0w010c011r110f110r010t010.jpg\" data-title=\"040_anarna\" data-description=\"Anarna\" >\n\t\t\t\t\t\t\t\t<img title=\"040_anarna\" alt=\"040_anarna\" src=\"http:\/\/vidangoz.com\/es\/wp-content\/gallery\/iribarnea\/cache\/040_anarna.jpg-nggid0222-ngg0dyn-220x160x100-00f0w010c011r110f110r010t010.jpg\" width='220' height='160' \/>\n\t\t\t\t\t\t\t<\/a>\n\t\t\t<span>\n\t\t\tAnarna\t\t\t<\/span>\n\t\t<\/div>\n\t<\/div>\n\t\t\t\t\t\t\t<br style=\"clear: both\" \/>\n\t\t\n\t<!-- Pagination -->\n\t\t<div class='ngg-clear'><\/div>\n<\/div>\n\n\t<\/p>\n\n\n<\/div>\n","protected":false},"excerpt":{"rendered":"<div class=\"entry-summary\" itemprop=\"text\">\n<p>El barrio Iribarnea es aquel delimitado por la calle Tejer\u00eda, la calle Mayor y el r\u00edo Bini\u00e9s, si bien tambi\u00e9n se incluyen en este barrio las dos casas situadas en El Castillo. Pulsando sobre cada imagen puede verse la foto de cada casa a mayor tama\u00f1o. Por otra parte, pulsando sobre su nombre, puede saber &#8230;<\/p>\n\n<\/div>\n","protected":false},"author":1,"featured_media":0,"parent":0,"menu_order":0,"comment_status":"open","ping_status":"open","template":"template.fullwidth.php","meta":{"ngg_post_thumbnail":0,"footnotes":""},"class_list":["post-78","page","type-page","status-publish","hentry","entry-lead"],"_links":{"self":[{"href":"http:\/\/vidangoz.com\/es\/index.php?rest_route=\/wp\/v2\/pages\/78","targetHints":{"allow":["GET"]}}],"collection":[{"href":"http:\/\/vidangoz.com\/es\/index.php?rest_route=\/wp\/v2\/pages"}],"about":[{"href":"http:\/\/vidangoz.com\/es\/index.php?rest_route=\/wp\/v2\/types\/page"}],"author":[{"embeddable":true,"href":"http:\/\/vidangoz.com\/es\/index.php?rest_route=\/wp\/v2\/users\/1"}],"replies":[{"embeddable":true,"href":"http:\/\/vidangoz.com\/es\/index.php?rest_route=%2Fwp%2Fv2%2Fcomments&post=78"}],"version-history":[{"count":8,"href":"http:\/\/vidangoz.com\/es\/index.php?rest_route=\/wp\/v2\/pages\/78\/revisions"}],"predecessor-version":[{"id":734,"href":"http:\/\/vidangoz.com\/es\/index.php?rest_route=\/wp\/v2\/pages\/78\/revisions\/734"}],"wp:attachment":[{"href":"http:\/\/vidangoz.com\/es\/index.php?rest_route=%2Fwp%2Fv2%2Fmedia&parent=78"}],"curies":[{"name":"wp","href":"https:\/\/api.w.org\/{rel}","templated":true}]}}