{"id":330,"date":"2015-06-26T11:37:31","date_gmt":"2015-06-26T11:37:31","guid":{"rendered":"http:\/\/vidangoz.com\/es\/?page_id=330"},"modified":"2017-04-05T11:23:57","modified_gmt":"2017-04-05T11:23:57","slug":"arturo-arbizu","status":"publish","type":"page","link":"http:\/\/vidangoz.com\/es\/?page_id=330","title":{"rendered":"Arturo Arbizu"},"content":{"rendered":"<div class=\"entry-content\" itemprop=\"text\">\n<h2>Arturo Arbizu Sanz (1972-____)<\/h2>\n<p align=\"justify\"><span lang=\"ES-TRAD\"><img loading=\"lazy\" decoding=\"async\" class=\"alignright wp-image-563 size-medium\" src=\"http:\/\/vidangoz.com\/es\/wp-content\/uploads\/2015\/06\/arbizu_1-230x300.jpg\" alt=\"\" width=\"230\" height=\"300\" srcset=\"http:\/\/vidangoz.com\/es\/wp-content\/uploads\/2015\/06\/arbizu_1-230x300.jpg 230w, http:\/\/vidangoz.com\/es\/wp-content\/uploads\/2015\/06\/arbizu_1.jpg 300w\" sizes=\"auto, (max-width: 230px) 100vw, 230px\" \/>Arturo Arbizu Sanz [<em>Txantxolit-Casero<\/em>] es un pelotari, conocido profesionalmente como \u00abArbizu\u00bb y que, aunque naci\u00f3 en 1972 en Pamplona, es hijo de 2 bidangoztarras y mantiene un fuerte v\u00ednculo con el pueblo en particular y con el valle de Roncal en general, donde se encarga de la escuela de pelota.<\/span><\/p>\n<p align=\"justify\"><span lang=\"ES-TRAD\">Habiendo realizado una larga y fruct\u00edfera carrera en el nivel aficionado, donde logr\u00f3 ser Campe\u00f3n del Mundo sub-22 en 1992, Subcampe\u00f3n del Mundo individual de Trinquete en 1993, Campe\u00f3n de Espa\u00f1a en 1999, Campe\u00f3n de Euskal Herria en 1999 y Campe\u00f3n de la Copa del Mundo en 1999, con el nuevo siglo a una, di\u00f3 el salto al profesionalismo.<\/span><\/p>\n<p align=\"justify\"><span lang=\"ES-TRAD\">Debut\u00f3 con la empresa Asegarce en el front\u00f3n Labrit de Pamplona el 8 de enero de 2000 formando pareja con Imaz en un partido contra Beloki II y Rai, ganando 22-16.<\/span> Aunque su andadura en profesionales no fue larga, dada la tard\u00eda edad con la que accedi\u00f3 a esa categor\u00eda, dej\u00f3 muestras de su val\u00eda: fue Campe\u00f3n de Parejas de 2\u00aa en 2001 (10\/03\/2001, Arrasate: Arbizu-Pascual 22 M\u00ednguez-Pinedo 20), Subcampe\u00f3n del 4 y 1\/2 de 2\u00aa en 2002 (14\/12\/2002, Leiza 22 &#8211; Arbizu 15) y Subcampe\u00f3n del 4 y 1\/2 de 2\u00aa en 2003 (06\/12\/2003 Medina 22 &#8211; Arbizu 18). Jug\u00f3 su \u00faltimo partido como profesional el 27\/12\/2007 con Oteiza como pareja frente a Beloki II y Eskudero, ganando 22-7. En total disput\u00f3 un total de 421 partidos, de los cuales gan\u00f3 242, esto es, el 56,47%.<\/p>\n<p align=\"justify\"><img loading=\"lazy\" decoding=\"async\" class=\"alignleft wp-image-564 size-medium\" src=\"http:\/\/vidangoz.com\/es\/wp-content\/uploads\/2015\/06\/arbizu_2-300x200.jpg\" alt=\"\" width=\"300\" height=\"200\" \/>Tras su paso por profesionales, actualmente sigue vinculado al mundo de la pelota por medio del club Buruzgain, creado por \u00e9l mismo junto con el tambi\u00e9n pelotari Esain. Actualmente, adem\u00e1s de su posici\u00f3n natural de delantero, tambi\u00e9n juega como zaguero en trinquete. Junto con Esain se ha proclamado campe\u00f3n navarro de clubes en 2010, 2011 y 2012 y subcampe\u00f3n de Euskal Herria de clubes en 2010, 2011 y 2012.<\/p>\n\n\n<\/div>\n","protected":false},"excerpt":{"rendered":"<div class=\"entry-summary\" itemprop=\"text\">\n<p>Arturo Arbizu Sanz (1972-____) Arturo Arbizu Sanz [Txantxolit-Casero] es un pelotari, conocido profesionalmente como \u00abArbizu\u00bb y que, aunque naci\u00f3 en 1972 en Pamplona, es hijo de 2 bidangoztarras y mantiene un fuerte v\u00ednculo con el pueblo en particular y con el valle de Roncal en general, donde se encarga de la escuela de pelota. Habiendo &#8230;<\/p>\n\n<\/div>\n","protected":false},"author":1,"featured_media":0,"parent":0,"menu_order":0,"comment_status":"open","ping_status":"open","template":"template.fullwidth.php","meta":{"ngg_post_thumbnail":0,"footnotes":""},"class_list":["post-330","page","type-page","status-publish","hentry","entry-lead"],"_links":{"self":[{"href":"http:\/\/vidangoz.com\/es\/index.php?rest_route=\/wp\/v2\/pages\/330","targetHints":{"allow":["GET"]}}],"collection":[{"href":"http:\/\/vidangoz.com\/es\/index.php?rest_route=\/wp\/v2\/pages"}],"about":[{"href":"http:\/\/vidangoz.com\/es\/index.php?rest_route=\/wp\/v2\/types\/page"}],"author":[{"embeddable":true,"href":"http:\/\/vidangoz.com\/es\/index.php?rest_route=\/wp\/v2\/users\/1"}],"replies":[{"embeddable":true,"href":"http:\/\/vidangoz.com\/es\/index.php?rest_route=%2Fwp%2Fv2%2Fcomments&post=330"}],"version-history":[{"count":7,"href":"http:\/\/vidangoz.com\/es\/index.php?rest_route=\/wp\/v2\/pages\/330\/revisions"}],"predecessor-version":[{"id":581,"href":"http:\/\/vidangoz.com\/es\/index.php?rest_route=\/wp\/v2\/pages\/330\/revisions\/581"}],"wp:attachment":[{"href":"http:\/\/vidangoz.com\/es\/index.php?rest_route=%2Fwp%2Fv2%2Fmedia&parent=330"}],"curies":[{"name":"wp","href":"https:\/\/api.w.org\/{rel}","templated":true}]}}