{"id":328,"date":"2015-06-26T09:33:21","date_gmt":"2015-06-26T09:33:21","guid":{"rendered":"http:\/\/vidangoz.com\/es\/?page_id=328"},"modified":"2017-04-05T11:35:49","modified_gmt":"2017-04-05T11:35:49","slug":"julen-de-carlos","status":"publish","type":"page","link":"http:\/\/vidangoz.com\/es\/?page_id=328","title":{"rendered":"Julen De Carlos"},"content":{"rendered":"<div class=\"entry-content\" itemprop=\"text\">\n<h2>Julen De Carlos Artuch (1992-____)<\/h2>\n<p align=\"justify\"><a href=\"http:\/\/vidangoz.com\/es\/wp-content\/uploads\/2015\/06\/julen_01.jpg\"><img loading=\"lazy\" decoding=\"async\" width=\"300\" height=\"200\" class=\"alignright size-medium wp-image-647\" src=\"http:\/\/vidangoz.com\/es\/wp-content\/uploads\/2015\/06\/julen_01-300x200.jpg\" alt=\"\" \/><\/a>Julen de Carlos Artuch [<em>Ornat<\/em>] es jugador de balonmano, portero concretamente. Naci\u00f3 en Pamplona en 1992 pero acude a Bidangoz habitualmente, de donde es natural su madre y donde \u00e9sta regenta un negocio familiar. Julen es un enamorado de nuestros montes y de nuestras fiestas, para las que siempre encuentra un hueco en su agenda para disfrutar y poder bailar la sorgindantza.<\/p>\n<p><\/br><\/p>\n<p align=\"justify\"><a href=\"http:\/\/vidangoz.com\/es\/wp-content\/uploads\/2015\/06\/julen_03.jpg\"><img loading=\"lazy\" decoding=\"async\" width=\"300\" height=\"213\" class=\"size-medium wp-image-649 alignleft\" src=\"http:\/\/vidangoz.com\/es\/wp-content\/uploads\/2015\/06\/julen_03-300x213.jpg\" alt=\"\" \/><\/a>Empez\u00f3 a jugar a balonmano a los once a\u00f1os de edad en el colegio Maristas de Pamplona. Dos a\u00f1os despu\u00e9s pas\u00f3 al club Anaitasuna, al que considera su casa y donde se formar\u00eda como jugador. Jug\u00f3 en las categor\u00edas inferiores de la selecci\u00f3n de Navarra desde los catorce a\u00f1os hasta los dieciocho. Este \u00faltimo a\u00f1o fue llamado por la seleccion nacional juvenil para disputar un torneo en Francia.<\/p>\n<p><\/br><\/p>\n<p align=\"justify\"><a href=\"http:\/\/vidangoz.com\/es\/wp-content\/uploads\/2015\/06\/julen_02.jpg\"><img loading=\"lazy\" decoding=\"async\" width=\"300\" height=\"202\" class=\"alignright size-medium wp-image-648\" src=\"http:\/\/vidangoz.com\/es\/wp-content\/uploads\/2015\/06\/julen_02-300x202.jpg\" alt=\"\" \/><\/a>En la temporada 2007\/2008 empez\u00f3 a jugar en Primera Nacional con unas buenas estad\u00edsticas, y as\u00ed, al a\u00f1o siguiente, lleg\u00f3 su debut con el primer equipo del Helvetia Anaitasuna ante el Barakaldo, en Divisi\u00f3n de Honor Plata (2\u00aa divisi\u00f3n de balonmano). Jug\u00f3 en esta categor\u00eda en varias ocasiones hasta que en 2011 lograron el ascenso a la m\u00e1xima categor\u00eda, a la Liga Asobal (1\u00aa divisi\u00f3n). En esta divisi\u00f3n debut\u00f3 ante el Atletico de Madrid y m\u00e1s tarde jug\u00f3 varios partidos: San Antonio, Villa de Aranda, Naturhouse La Rioja etc.<\/p>\n<p align=\"justify\"><a href=\"http:\/\/vidangoz.com\/es\/wp-content\/uploads\/2015\/06\/julen_04.jpg\"><img loading=\"lazy\" decoding=\"async\" width=\"300\" height=\"200\" class=\"size-medium wp-image-650 alignleft\" src=\"http:\/\/vidangoz.com\/es\/wp-content\/uploads\/2015\/06\/julen_04-300x200.jpg\" alt=\"\" \/><\/a>En 2013 fue cedido al Amenabar Zarautz (Divisi\u00f3n de Honor Plata) donde hizo una gran temporada: el equipo consigui\u00f3 la clasificaci\u00f3n para los play-off de ascenso a Asobal por primer vez en su historia.<\/p>\n<p align=\"justify\">Actualmente continua en el conjunto zarauztarra, y dada su joven edad, es de esperar que la carrera deportiva le durar\u00e1 muchos a\u00f1os m\u00e1s.<\/p>\n\n\n<\/div>\n","protected":false},"excerpt":{"rendered":"<div class=\"entry-summary\" itemprop=\"text\">\n<p>Julen De Carlos Artuch (1992-____) Julen de Carlos Artuch [Ornat] es jugador de balonmano, portero concretamente. Naci\u00f3 en Pamplona en 1992 pero acude a Bidangoz habitualmente, de donde es natural su madre y donde \u00e9sta regenta un negocio familiar. Julen es un enamorado de nuestros montes y de nuestras fiestas, para las que siempre encuentra &#8230;<\/p>\n\n<\/div>\n","protected":false},"author":1,"featured_media":0,"parent":0,"menu_order":0,"comment_status":"open","ping_status":"open","template":"template.fullwidth.php","meta":{"ngg_post_thumbnail":0,"footnotes":""},"class_list":["post-328","page","type-page","status-publish","hentry","entry-lead"],"_links":{"self":[{"href":"http:\/\/vidangoz.com\/es\/index.php?rest_route=\/wp\/v2\/pages\/328","targetHints":{"allow":["GET"]}}],"collection":[{"href":"http:\/\/vidangoz.com\/es\/index.php?rest_route=\/wp\/v2\/pages"}],"about":[{"href":"http:\/\/vidangoz.com\/es\/index.php?rest_route=\/wp\/v2\/types\/page"}],"author":[{"embeddable":true,"href":"http:\/\/vidangoz.com\/es\/index.php?rest_route=\/wp\/v2\/users\/1"}],"replies":[{"embeddable":true,"href":"http:\/\/vidangoz.com\/es\/index.php?rest_route=%2Fwp%2Fv2%2Fcomments&post=328"}],"version-history":[{"count":6,"href":"http:\/\/vidangoz.com\/es\/index.php?rest_route=\/wp\/v2\/pages\/328\/revisions"}],"predecessor-version":[{"id":655,"href":"http:\/\/vidangoz.com\/es\/index.php?rest_route=\/wp\/v2\/pages\/328\/revisions\/655"}],"wp:attachment":[{"href":"http:\/\/vidangoz.com\/es\/index.php?rest_route=%2Fwp%2Fv2%2Fmedia&parent=328"}],"curies":[{"name":"wp","href":"https:\/\/api.w.org\/{rel}","templated":true}]}}