{"id":315,"date":"2015-06-25T11:32:17","date_gmt":"2015-06-25T11:32:17","guid":{"rendered":"http:\/\/vidangoz.com\/es\/?page_id=315"},"modified":"2017-04-05T11:36:13","modified_gmt":"2017-04-05T11:36:13","slug":"justino-navarro-aizagar","status":"publish","type":"page","link":"http:\/\/vidangoz.com\/es\/?page_id=315","title":{"rendered":"Justino Navarro"},"content":{"rendered":"<div class=\"entry-content\" itemprop=\"text\">\n<h2>Justino Navarro Aizagar (1904-19??)<\/h2>\n<p align=\"justify\"><span lang=\"ES-TRAD\"> <a href=\"http:\/\/vidangoz.com\/es\/wp-content\/uploads\/2015\/06\/justino_cruz_detalle.jpg\"><img loading=\"lazy\" decoding=\"async\" width=\"225\" height=\"300\" class=\"alignright size-medium wp-image-656\" src=\"http:\/\/vidangoz.com\/es\/wp-content\/uploads\/2015\/06\/justino_cruz_detalle-225x300.jpg\" alt=\"\" srcset=\"http:\/\/vidangoz.com\/es\/wp-content\/uploads\/2015\/06\/justino_cruz_detalle-225x300.jpg 225w, http:\/\/vidangoz.com\/es\/wp-content\/uploads\/2015\/06\/justino_cruz_detalle.jpg 230w\" sizes=\"auto, (max-width: 225px) 100vw, 225px\" \/><\/a>Justino Navarro Aizagar [<em>Aizagar\/Mat\u00edas<\/em>] fue un escultor bidangoztar que naci\u00f3 en el seno de una humilde familia de pastores al principios del siglo XX, siendo hijo de Severiano Navarro y Josefa Aizagar, y cuyo apellido di\u00f3 nombre a una de las casas en las que vivieron (<em>Aizagar<\/em>).<\/span><\/p>\n<p align=\"justify\"><span lang=\"ES-TRAD\">Realiz\u00f3 sus estudios en la escuela del pueblo, destacando desde muy peque\u00f1o su habilidad por el dibujo y la talla de madera que realiza con su navaja en todos los momentos que tiene libres. Pronto su oficio de pastor le di\u00f3 esos ratos que necesitaba para dedicarse a tallar cucharas de boj y todo tipo de miniaturas. <a href=\"http:\/\/vidangoz.com\/es\/wp-content\/uploads\/2015\/06\/justino_talla.jpg\"><img loading=\"lazy\" decoding=\"async\" width=\"171\" height=\"300\" class=\"size-medium wp-image-658 alignleft\" src=\"http:\/\/vidangoz.com\/es\/wp-content\/uploads\/2015\/06\/justino_talla-171x300.jpg\" alt=\"\" srcset=\"http:\/\/vidangoz.com\/es\/wp-content\/uploads\/2015\/06\/justino_talla-171x300.jpg 171w, http:\/\/vidangoz.com\/es\/wp-content\/uploads\/2015\/06\/justino_talla.jpg 177w\" sizes=\"auto, (max-width: 171px) 100vw, 171px\" \/><\/a>Dicen que estando Justino pastoreando por tierras de Isaba, un \u201cturista\u201d se dio cuenta de su habilidad y le propuso ir a Madrid a trabajar con \u00e9l,\u00a0y as\u00ed lo hizo hacia 1927. Realmente hab\u00eda algo m\u00e1s, ya que la Diputaci\u00f3n Foral de Navarra le concedi\u00f3 una beca para completar su formaci\u00f3n art\u00edstica. <\/span>En Madrid se dedic\u00f3 a la talla y a la escultura, y comenz\u00f3 a trabajar como profesor de dibujo.<\/p>\n<p align=\"justify\">En la capital de Espa\u00f1a le sorprendi\u00f3 el inicio de la \u00faltima guerra civil (1936), donde, viviendo en la \u00abzona roja\u00bb e influenciado por su profesi\u00f3n, termin\u00f3 por alistarse en el bando republicano, si bien no fue al frente. Por su actividad como comisario pol\u00edtico fue juzgado tras la guerra y condenado a 20 a\u00f1os de prisi\u00f3n por \u00abauxilio a la rebeli\u00f3n\u00bb. Cumplida la mitad de la condena (1949) solicit\u00f3 el indulto y le fue concedido, intentando rehacer a partir de ah\u00ed su vida.<\/p>\n<p align=\"justify\"><a href=\"http:\/\/vidangoz.com\/es\/wp-content\/uploads\/2015\/06\/justino_firma.jpg\"><img loading=\"lazy\" decoding=\"async\" width=\"200\" height=\"222\" class=\"alignright size-full wp-image-657\" src=\"http:\/\/vidangoz.com\/es\/wp-content\/uploads\/2015\/06\/justino_firma.jpg\" alt=\"\" \/><\/a>Despu\u00e9s de su salida de la prisi\u00f3n de San Ant\u00f3n, en Madrid (de donde, por cierto, sali\u00f3 como casado pese haber entrado como soltero 10 a\u00f1os antes), parece que continu\u00f3 con su actividad profesional anterior a la guerra. Posteriormente, y al menos entre los a\u00f1os 1956 y 1961, trabaj\u00f3 para el gobierno de El Salvador como t\u00e9cnico en el Taller Nacional de Grabados y como Profesor de Grabado en Metal en la Escuela Nacional de Artes Gr\u00e1ficas.<\/p>\n<p align=\"justify\">Posteriormente, y aunque no tengamos demasiados datos sobre ello, parece que sigui\u00f3 trabajando en Madrid realizando encargos diversos hasta que falleci\u00f3 en una fecha que desconocemos.<\/p>\n\n\n<\/div>\n","protected":false},"excerpt":{"rendered":"<div class=\"entry-summary\" itemprop=\"text\">\n<p>Justino Navarro Aizagar (1904-19??) Justino Navarro Aizagar [Aizagar\/Mat\u00edas] fue un escultor bidangoztar que naci\u00f3 en el seno de una humilde familia de pastores al principios del siglo XX, siendo hijo de Severiano Navarro y Josefa Aizagar, y cuyo apellido di\u00f3 nombre a una de las casas en las que vivieron (Aizagar). Realiz\u00f3 sus estudios en &#8230;<\/p>\n\n<\/div>\n","protected":false},"author":1,"featured_media":0,"parent":0,"menu_order":0,"comment_status":"open","ping_status":"open","template":"template.fullwidth.php","meta":{"ngg_post_thumbnail":0,"footnotes":""},"class_list":["post-315","page","type-page","status-publish","hentry","entry-lead"],"_links":{"self":[{"href":"http:\/\/vidangoz.com\/es\/index.php?rest_route=\/wp\/v2\/pages\/315","targetHints":{"allow":["GET"]}}],"collection":[{"href":"http:\/\/vidangoz.com\/es\/index.php?rest_route=\/wp\/v2\/pages"}],"about":[{"href":"http:\/\/vidangoz.com\/es\/index.php?rest_route=\/wp\/v2\/types\/page"}],"author":[{"embeddable":true,"href":"http:\/\/vidangoz.com\/es\/index.php?rest_route=\/wp\/v2\/users\/1"}],"replies":[{"embeddable":true,"href":"http:\/\/vidangoz.com\/es\/index.php?rest_route=%2Fwp%2Fv2%2Fcomments&post=315"}],"version-history":[{"count":10,"href":"http:\/\/vidangoz.com\/es\/index.php?rest_route=\/wp\/v2\/pages\/315\/revisions"}],"predecessor-version":[{"id":661,"href":"http:\/\/vidangoz.com\/es\/index.php?rest_route=\/wp\/v2\/pages\/315\/revisions\/661"}],"wp:attachment":[{"href":"http:\/\/vidangoz.com\/es\/index.php?rest_route=%2Fwp%2Fv2%2Fmedia&parent=315"}],"curies":[{"name":"wp","href":"https:\/\/api.w.org\/{rel}","templated":true}]}}