{"id":305,"date":"2015-06-25T11:15:06","date_gmt":"2015-06-25T11:15:06","guid":{"rendered":"http:\/\/vidangoz.com\/es\/?page_id=305"},"modified":"2017-04-05T11:48:52","modified_gmt":"2017-04-05T11:48:52","slug":"prudencio-hualde","status":"publish","type":"page","link":"http:\/\/vidangoz.com\/es\/?page_id=305","title":{"rendered":"Prudencio Hualde"},"content":{"rendered":"<div class=\"entry-content\" itemprop=\"text\">\n<h2>Pedro Prudencio Hualde Mayo (1823-1879)<\/h2>\n<p align=\"justify\"><span lang=\"ES-TRAD\"><a href=\"http:\/\/vidangoz.com\/es\/wp-content\/uploads\/2015\/06\/prudencio_placa_rakax.jpg\"><img loading=\"lazy\" decoding=\"async\" width=\"250\" height=\"157\" class=\"size-full wp-image-683 alignleft\" src=\"http:\/\/vidangoz.com\/es\/wp-content\/uploads\/2015\/06\/prudencio_placa_rakax.jpg\" alt=\"\" \/><\/a>Hijo de Ferm\u00edn Hualde de Vid\u00e1ngoz y de Mar\u00eda Josefa Mayo de Uzt\u00e1rroz, Prudencio Hualde [<em>Malkorna<\/em>] estudi\u00f3 la carrera sacerdotal y, tras un breve paso por la parroquia de Uzt\u00e1rroz, fue nombrado rector de la parroquia de su pueblo natal en 1853. Desde entonces vivi\u00f3 en el pueblo hasta su temprana muerte, el 9 de diciembre de 1879, cuando solo contaba 56 a\u00f1os<\/span>.<\/p>\n<p align=\"justify\"><span lang=\"ES-TRAD\"> D<a href=\"http:\/\/vidangoz.com\/es\/wp-content\/uploads\/2015\/06\/prudencio_hilarria.jpg\"><img loading=\"lazy\" decoding=\"async\" width=\"188\" height=\"250\" class=\"alignright size-full wp-image-682\" src=\"http:\/\/vidangoz.com\/es\/wp-content\/uploads\/2015\/06\/prudencio_hilarria.jpg\" alt=\"\" \/><\/a>esde 1856 hasta 1869 mantuvo relaciones con el pr\u00edncipe Luis Luciano Bonaparte, estudioso del Euskera para el cual tradujo al euskera roncal\u00e9<\/span><span lang=\"ES-TRAD\">s el <a href=\"http:\/\/www.bidankoze.net\/pdf\/1982ESTORNESjesukristo.pdf\" target=\"_blank\">Evangelio seg\u00fan San Mateo<\/a> y el <a href=\"http:\/\/www.bidankoze.net\/pdf\/1869BONAPARTEcatechisme.pdf\" target=\"_blank\">Catecismo del Padre Astete<\/a>. Ambos documentos y muchos otros relativos al Uskara roncal\u00e9s pueden leerse en <a href=\"http:\/\/www.bidankoze.net\/\" target=\"_blank\">www.bidankoze.net<\/a>.<\/span><\/p>\n<p align=\"justify\"><span lang=\"ES-TRAD\"> El 12 de agosto de 1979 el pueblo de Bidangoz le rindi\u00f3 un merecido homenaje coincidiendo con el centenario de su muerte y colocando una placa en su casa natal (Rakax)<\/span>.<\/p>\n\n\n<\/div>\n","protected":false},"excerpt":{"rendered":"<div class=\"entry-summary\" itemprop=\"text\">\n<p>Pedro Prudencio Hualde Mayo (1823-1879) Hijo de Ferm\u00edn Hualde de Vid\u00e1ngoz y de Mar\u00eda Josefa Mayo de Uzt\u00e1rroz, Prudencio Hualde [Malkorna] estudi\u00f3 la carrera sacerdotal y, tras un breve paso por la parroquia de Uzt\u00e1rroz, fue nombrado rector de la parroquia de su pueblo natal en 1853. Desde entonces vivi\u00f3 en el pueblo hasta su &#8230;<\/p>\n\n<\/div>\n","protected":false},"author":1,"featured_media":0,"parent":0,"menu_order":0,"comment_status":"open","ping_status":"open","template":"template.fullwidth.php","meta":{"ngg_post_thumbnail":0,"footnotes":""},"class_list":["post-305","page","type-page","status-publish","hentry","entry-lead"],"_links":{"self":[{"href":"http:\/\/vidangoz.com\/es\/index.php?rest_route=\/wp\/v2\/pages\/305","targetHints":{"allow":["GET"]}}],"collection":[{"href":"http:\/\/vidangoz.com\/es\/index.php?rest_route=\/wp\/v2\/pages"}],"about":[{"href":"http:\/\/vidangoz.com\/es\/index.php?rest_route=\/wp\/v2\/types\/page"}],"author":[{"embeddable":true,"href":"http:\/\/vidangoz.com\/es\/index.php?rest_route=\/wp\/v2\/users\/1"}],"replies":[{"embeddable":true,"href":"http:\/\/vidangoz.com\/es\/index.php?rest_route=%2Fwp%2Fv2%2Fcomments&post=305"}],"version-history":[{"count":6,"href":"http:\/\/vidangoz.com\/es\/index.php?rest_route=\/wp\/v2\/pages\/305\/revisions"}],"predecessor-version":[{"id":684,"href":"http:\/\/vidangoz.com\/es\/index.php?rest_route=\/wp\/v2\/pages\/305\/revisions\/684"}],"wp:attachment":[{"href":"http:\/\/vidangoz.com\/es\/index.php?rest_route=%2Fwp%2Fv2%2Fmedia&parent=305"}],"curies":[{"name":"wp","href":"https:\/\/api.w.org\/{rel}","templated":true}]}}