{"id":1315,"date":"2025-08-12T20:33:40","date_gmt":"2025-08-12T20:33:40","guid":{"rendered":"http:\/\/vidangoz.com\/es\/?page_id=1315"},"modified":"2025-08-12T20:51:06","modified_gmt":"2025-08-12T20:51:06","slug":"via-ferrata-cas","status":"publish","type":"page","link":"http:\/\/vidangoz.com\/es\/?page_id=1315","title":{"rendered":"V\u00eda ferrata"},"content":{"rendered":"<div class=\"entry-content\" itemprop=\"text\">\n<p>A lo largo de 2025, se ha equipado en el t\u00e9rmino municipal de Vidangoz una v\u00eda ferrata, la tercera que se instala en Navarra.<\/p>\n<p><a href=\"http:\/\/vidangoz.com\/es\/wp-content\/uploads\/2020\/02\/logo_color_web-1.png\"><img loading=\"lazy\" decoding=\"async\" width=\"238\" height=\"200\" class=\"size-full wp-image-1123 alignright\" src=\"http:\/\/vidangoz.com\/es\/wp-content\/uploads\/2020\/02\/logo_color_web-1.png\" alt=\"\"><\/a>Se llega al inicio de la v\u00eda tras andar 900 metros desde el aparcamiento a la entrada de la localidad. Una vez en la v\u00eda, una primera traves\u00eda sobre roca de 50 metros tras la cual se llega a un puente de 45 metros y pelda\u00f1os de madera cada 50 cm a 15 metros de altura.<\/p>\n<p>En este punto existe un camino de escape para los que no deseen continuar o comienza la ascensi\u00f3n por grapas de hierro ancladas a la roca con una ascensi\u00f3n de 90 metros.<\/p>\n<p>Las rampas se alternan con terreno verticales&nbsp;hasta un cruce donde&nbsp;se pude elegir o bien la arista o bien un tramo de 58 metros m\u00e1s a\u00e9reo y exigente de dificultad K4&nbsp;(escala H\u00fcsler, que va de K1, f\u00e1cil, a K6 extremadamente dif\u00edcil).&nbsp;La ferrata culmina en un bonita arista superior de 80 metros, con buenas vistas. Se desciende por sendero entre pinos hasta la carretera de acceso al pueblo.<\/p>\n<p>La&nbsp;<strong>v\u00eda est\u00e1 equipada con l\u00ednea de vida y es imprescindible realizarla con material de seguridad: casco, arn\u00e9s, cintas de anclaje.<\/strong>&nbsp;Para completar el recorrido son necesarias entre una hora y media y dos horas.<\/p>\n<p>Se puede alquilar material en el mismo pueblo llamando a uno de los siguientes tel\u00e9fonos: 649298840 \/\/ 619954973<\/p>\n<p>Este proyecto, promovido por el Ayuntamiento de Vid\u00e1ngoz\/Bidankoze, ha sido financiado a trav\u00e9s de los fondos europeos Next Generation.<\/p>\n<p><a href=\"https:\/\/es.wikiloc.com\/rutas-senderismo\/via-ferrata-vidangoz-sendero-acceso-223988714\" target=\"_blank\" rel=\"noopener\">Track del sendero de acceso (Wikiloc)<\/a>.<\/p>\n\n\n<\/div>\n","protected":false},"excerpt":{"rendered":"<div class=\"entry-summary\" itemprop=\"text\">\n<p>A lo largo de 2025, se ha equipado en el t\u00e9rmino municipal de Vidangoz una v\u00eda ferrata, la tercera que se instala en Navarra. Se llega al inicio de la v\u00eda tras andar 900 metros desde el aparcamiento a la entrada de la localidad. Una vez en la v\u00eda, una primera traves\u00eda sobre roca de &#8230;<\/p>\n\n<\/div>\n","protected":false},"author":1,"featured_media":0,"parent":0,"menu_order":0,"comment_status":"closed","ping_status":"closed","template":"","meta":{"ngg_post_thumbnail":0,"footnotes":""},"class_list":["post-1315","page","type-page","status-publish","hentry","entry-lead"],"_links":{"self":[{"href":"http:\/\/vidangoz.com\/es\/index.php?rest_route=\/wp\/v2\/pages\/1315","targetHints":{"allow":["GET"]}}],"collection":[{"href":"http:\/\/vidangoz.com\/es\/index.php?rest_route=\/wp\/v2\/pages"}],"about":[{"href":"http:\/\/vidangoz.com\/es\/index.php?rest_route=\/wp\/v2\/types\/page"}],"author":[{"embeddable":true,"href":"http:\/\/vidangoz.com\/es\/index.php?rest_route=\/wp\/v2\/users\/1"}],"replies":[{"embeddable":true,"href":"http:\/\/vidangoz.com\/es\/index.php?rest_route=%2Fwp%2Fv2%2Fcomments&post=1315"}],"version-history":[{"count":11,"href":"http:\/\/vidangoz.com\/es\/index.php?rest_route=\/wp\/v2\/pages\/1315\/revisions"}],"predecessor-version":[{"id":1331,"href":"http:\/\/vidangoz.com\/es\/index.php?rest_route=\/wp\/v2\/pages\/1315\/revisions\/1331"}],"wp:attachment":[{"href":"http:\/\/vidangoz.com\/es\/index.php?rest_route=%2Fwp%2Fv2%2Fmedia&parent=1315"}],"curies":[{"name":"wp","href":"https:\/\/api.w.org\/{rel}","templated":true}]}}