{"id":13,"date":"2015-06-23T09:54:40","date_gmt":"2015-06-23T09:54:40","guid":{"rendered":"http:\/\/vidangoz.com\/es\/?page_id=13"},"modified":"2017-04-05T11:49:33","modified_gmt":"2017-04-05T11:49:33","slug":"situacion","status":"publish","type":"page","link":"http:\/\/vidangoz.com\/es\/?page_id=13","title":{"rendered":"Situaci\u00f3n"},"content":{"rendered":"<div class=\"entry-content\" itemprop=\"text\">\n<h4>\u00bfD\u00f3nde est\u00e1 Vid\u00e1ngoz?<\/h4>\n<p><figure id=\"attachment_18\" aria-describedby=\"caption-attachment-18\" style=\"width: 256px\" class=\"wp-caption alignright\"><a href=\"http:\/\/vidangoz.com\/es\/wp-content\/uploads\/2015\/06\/bidankoze_elurpean1.jpg\"><img loading=\"lazy\" decoding=\"async\" class=\"wp-image-18 size-full\" src=\"http:\/\/vidangoz.com\/es\/wp-content\/uploads\/2015\/06\/bidankoze_elurpean1.jpg\" alt=\"\" width=\"256\" height=\"195\" \/><\/a><figcaption id=\"caption-attachment-18\" class=\"wp-caption-text\">Vid\u00e1ngoz nevado (Foto: Arantxa Iriarte [Danielna])<\/figcaption><\/figure>Vid\u00e1ngoz es uno de los siete municipios navarros que forman el denominado Valle del Roncal (Vid\u00e1ngoz, Isaba, Roncal, Burgui, Garde, Uzt\u00e1rroz y Urzainqui), comarca pirenaica situada en el extremo Este de Navarra.<br \/>\nEl t\u00e9rmino de Vid\u00e1ngoz es monta\u00f1oso y est\u00e1 vertebrado por el r\u00edo Bini\u00e9s, al cual aportan sus aguas numerosos barrancos. Su clima es de tipo submediterr\u00e1neo de monta\u00f1a, torn\u00e1ndose en algunas zonas subatl\u00e1ntico de monta\u00f1a.<br \/>\nLimita al norte con Uzt\u00e1rroz y Ezc\u00e1roz, al sur con Burgui y Gallu\u00e9s, al este con Roncal y al oeste con Iciz (Gallu\u00e9s), Igal (G\u00fcesa), Esparza de Salazar y Oronz (Valle de Salazar).<\/p>\n<h4>Algunos datos geogr\u00e1ficos sobre Vid\u00e1ngoz:<\/h4>\n<ul>\n<li>Altitud sobre el nivel del mar: 791 m.<\/li>\n<li>Coordenadas geogr\u00e1ficas (ETRS-89): N 42\u00b0 48\u00b4 06&#8243; \/\/ E 01\u00b0 00\u00b4 51&#8243;<\/li>\n<li>Coordenadas UTM (30N): X: 662.379 m \/\/ Y: 4.740.703 m<\/li>\n<li>Su t\u00e9rmino municipal ocupa una superficie de 39,5 Km\u00b2.<\/li>\n<\/ul>\n<h4>C\u00f3mo llegar:<\/h4>\n<p>La forma m\u00e1s r\u00e1pida de llegar desde Pamplona es la siguiente: Saliendo de la capital navarra en direcci\u00f3n Huesca\/Jaca por la Autov\u00eda del Pirineo (A-21), llegando en unos 30 km hasta el cruce de Lumbier. Una vez en all\u00ed, se toma la NA-178 direcci\u00f3n Navascues \u2013 Ochagav\u00eda. Unos 37 km despu\u00e9s, y a la altura de G\u00fcesa, tomar el desv\u00edo a la derecha\u00a0y en 10 km se llega a Vid\u00e1ngoz.<\/p>\n<p>Para consultar c\u00f3mo llegar desde otros lugares, escriba aqu\u00ed la localidad desde la que partir\u00e1 hacia Vid\u00e1ngoz:<\/p>\n<form class=\"comollegar\" action=\"http:\/\/maps.google.es\/maps?f=d&amp;source=s_d&amp;&amp;hl=es\" method=\"get\" target=\"_blank\"><input name=\"daddr\" type=\"hidden\" value=\"VIDANGOZ\" \/><br \/>\n<input class=\"box\" name=\"saddr\" size=\"50\" type=\"text\" \/><br \/>\n<input class=\"button\" type=\"submit\" value=\"Consultar\" \/><\/form>\n\n\n<\/div>\n","protected":false},"excerpt":{"rendered":"<div class=\"entry-summary\" itemprop=\"text\">\n<p>\u00bfD\u00f3nde est\u00e1 Vid\u00e1ngoz? Vid\u00e1ngoz es uno de los siete municipios navarros que forman el denominado Valle del Roncal (Vid\u00e1ngoz, Isaba, Roncal, Burgui, Garde, Uzt\u00e1rroz y Urzainqui), comarca pirenaica situada en el extremo Este de Navarra. El t\u00e9rmino de Vid\u00e1ngoz es monta\u00f1oso y est\u00e1 vertebrado por el r\u00edo Bini\u00e9s, al cual aportan sus aguas numerosos barrancos. &#8230;<\/p>\n\n<\/div>\n","protected":false},"author":1,"featured_media":0,"parent":0,"menu_order":0,"comment_status":"open","ping_status":"open","template":"template.fullwidth.php","meta":{"ngg_post_thumbnail":0,"footnotes":""},"class_list":["post-13","page","type-page","status-publish","hentry","entry-lead"],"_links":{"self":[{"href":"http:\/\/vidangoz.com\/es\/index.php?rest_route=\/wp\/v2\/pages\/13","targetHints":{"allow":["GET"]}}],"collection":[{"href":"http:\/\/vidangoz.com\/es\/index.php?rest_route=\/wp\/v2\/pages"}],"about":[{"href":"http:\/\/vidangoz.com\/es\/index.php?rest_route=\/wp\/v2\/types\/page"}],"author":[{"embeddable":true,"href":"http:\/\/vidangoz.com\/es\/index.php?rest_route=\/wp\/v2\/users\/1"}],"replies":[{"embeddable":true,"href":"http:\/\/vidangoz.com\/es\/index.php?rest_route=%2Fwp%2Fv2%2Fcomments&post=13"}],"version-history":[{"count":7,"href":"http:\/\/vidangoz.com\/es\/index.php?rest_route=\/wp\/v2\/pages\/13\/revisions"}],"predecessor-version":[{"id":21,"href":"http:\/\/vidangoz.com\/es\/index.php?rest_route=\/wp\/v2\/pages\/13\/revisions\/21"}],"wp:attachment":[{"href":"http:\/\/vidangoz.com\/es\/index.php?rest_route=%2Fwp%2Fv2%2Fmedia&parent=13"}],"curies":[{"name":"wp","href":"https:\/\/api.w.org\/{rel}","templated":true}]}}