{"id":1209,"date":"2020-02-03T18:50:45","date_gmt":"2020-02-03T18:50:45","guid":{"rendered":"http:\/\/vidangoz.com\/es\/?page_id=1209"},"modified":"2020-02-04T16:29:33","modified_gmt":"2020-02-04T16:29:33","slug":"escalada-02-cueva-de-azanzorea","status":"publish","type":"page","link":"http:\/\/vidangoz.com\/es\/?page_id=1209","title":{"rendered":"Escalada 02 &#8211; Cueva de Azanzorea"},"content":{"rendered":"<div class=\"entry-content\" itemprop=\"text\">\n<p><a href=\"http:\/\/vidangoz.com\/es\/wp-content\/uploads\/2020\/02\/azanzorea_web-1.jpg\"><img loading=\"lazy\" decoding=\"async\" class=\"alignright wp-image-1221\" src=\"http:\/\/vidangoz.com\/es\/wp-content\/uploads\/2020\/02\/azanzorea_web-1-300x181.jpg\" alt=\"\" width=\"400\" height=\"241\" srcset=\"http:\/\/vidangoz.com\/es\/wp-content\/uploads\/2020\/02\/azanzorea_web-1-300x181.jpg 300w, http:\/\/vidangoz.com\/es\/wp-content\/uploads\/2020\/02\/azanzorea_web-1.jpg 674w\" sizes=\"auto, (max-width: 400px) 100vw, 400px\" \/><\/a>Enorme desplome de roca caliza de gran calidad, con varias rutas espectaculares de grado hasta 9a, s\u00f3lo al alcance del p\u00fablico m\u00e1s especializado.<\/p>\n<p>La mayor\u00eda de las v\u00edas son de alta o muy alta dificultad con predominio de agujeros y \u201cregletas\u201d, por lo que es necesario tener mucha experiencia en rutas de fuerza y resistencia.<\/p>\n<p>Para acceder al sector hay que ir en coche en direcci\u00f3n a Burgui durante 3 km y aparcar en una amplia explanada asfaltada a la derecha. Tras retroceder 50 m andando por la carretera veremos la se\u00f1alizaci\u00f3n del sendero SL, que permite ascender a la cueva en menos de 30 minutos.<\/p>\n<p>[En breve, esperamos poder exponer en este medio m\u00e1s detalles sobre las v\u00edas de escalada del sector]<\/p>\n<p>&nbsp;<\/p>\n<p><strong>ADVERTENCIAS<\/strong><\/p>\n<ul>\n<li>El uso del casco es obligatorio<\/li>\n<li>Respeta el entorno y no dejes residuos.<\/li>\n<li>Evita gritar y molestar a la fauna.<\/li>\n<li>Respeta las prohibiciones de equipar y escalar en determinadas \u00e9pocas debido al anidamiento de aves. Los periodos de regulaci\u00f3n aparecen en la p\u00e1gina&nbsp;<a href=\"https:\/\/www.navarra.es\/home_es\/Temas\/Medio+Ambiente\/Regulacion+de+actividades+deportivas+en+roquedos.htm\" target=\"_blank\" rel=\"noopener\">navarra.es<\/a> (actualmente no se puede entre diciembre y agosto)&nbsp; y ser\u00e1n avisados mediante carteles en la pared.<\/li>\n<\/ul>\n\n\n<\/div>\n","protected":false},"excerpt":{"rendered":"<div class=\"entry-summary\" itemprop=\"text\">\n<p>Enorme desplome de roca caliza de gran calidad, con varias rutas espectaculares de grado hasta 9a, s\u00f3lo al alcance del p\u00fablico m\u00e1s especializado. La mayor\u00eda de las v\u00edas son de alta o muy alta dificultad con predominio de agujeros y \u201cregletas\u201d, por lo que es necesario tener mucha experiencia en rutas de fuerza y resistencia. &#8230;<\/p>\n\n<\/div>\n","protected":false},"author":1,"featured_media":0,"parent":0,"menu_order":0,"comment_status":"closed","ping_status":"closed","template":"","meta":{"ngg_post_thumbnail":0,"footnotes":""},"class_list":["post-1209","page","type-page","status-publish","hentry","entry-lead"],"_links":{"self":[{"href":"http:\/\/vidangoz.com\/es\/index.php?rest_route=\/wp\/v2\/pages\/1209","targetHints":{"allow":["GET"]}}],"collection":[{"href":"http:\/\/vidangoz.com\/es\/index.php?rest_route=\/wp\/v2\/pages"}],"about":[{"href":"http:\/\/vidangoz.com\/es\/index.php?rest_route=\/wp\/v2\/types\/page"}],"author":[{"embeddable":true,"href":"http:\/\/vidangoz.com\/es\/index.php?rest_route=\/wp\/v2\/users\/1"}],"replies":[{"embeddable":true,"href":"http:\/\/vidangoz.com\/es\/index.php?rest_route=%2Fwp%2Fv2%2Fcomments&post=1209"}],"version-history":[{"count":5,"href":"http:\/\/vidangoz.com\/es\/index.php?rest_route=\/wp\/v2\/pages\/1209\/revisions"}],"predecessor-version":[{"id":1249,"href":"http:\/\/vidangoz.com\/es\/index.php?rest_route=\/wp\/v2\/pages\/1209\/revisions\/1249"}],"wp:attachment":[{"href":"http:\/\/vidangoz.com\/es\/index.php?rest_route=%2Fwp%2Fv2%2Fmedia&parent=1209"}],"curies":[{"name":"wp","href":"https:\/\/api.w.org\/{rel}","templated":true}]}}