{"id":1112,"date":"2020-02-03T16:47:41","date_gmt":"2020-02-03T16:47:41","guid":{"rendered":"http:\/\/vidangoz.com\/es\/?page_id=1112"},"modified":"2020-02-03T18:14:56","modified_gmt":"2020-02-03T18:14:56","slug":"rutas-btt","status":"publish","type":"page","link":"http:\/\/vidangoz.com\/es\/?page_id=1112","title":{"rendered":"Rutas BTT"},"content":{"rendered":"<div class=\"entry-content\" itemprop=\"text\">\n<p>Aqu\u00ed puedes consultar m\u00e1s informaci\u00f3n sobre cada una de las rutas BTT que ha acondicionado el Ayuntamiento de Vid\u00e1ngoz:<\/p>\n<ul>\n<li><a href=\"http:\/\/vidangoz.com\/es\/?page_id=1092&amp;lang=es\">RUTA 1 &#8211; ODIETA<\/a>;<\/li>\n<li><a href=\"http:\/\/vidangoz.com\/es\/?page_id=1096&amp;lang=es\">RUTA 2 &#8211; BELASKO &#8211; MONTXONENA<\/a>;<\/li>\n<li><a href=\"http:\/\/vidangoz.com\/es\/?page_id=1100&amp;lang=es\">RUTA 3 &#8211; MARIKALDA &#8211; ARAIN<\/a>;<\/li>\n<li><a href=\"http:\/\/vidangoz.com\/es\/?page_id=1104&amp;lang=es\">RUTA 4 &#8211; CA\u00d1ADA REAL<\/a>;<\/li>\n<li><a href=\"http:\/\/vidangoz.com\/es\/?page_id=1108&amp;lang=es\">RUTA 5 &#8211; LEXARRA<\/a>;<\/li>\n<\/ul>\n<p><a href=\"http:\/\/www.vidangoz.com\/kirolak\/btt\/btt_ibilbideak_00_osoa.pdf\" target=\"_blank\" rel=\"noopener\">En este enlace puedes descargar el PDF<\/a> con toda la informaci\u00f3n de estas cinco primeras rutas y un mapa topogr\u00e1fico que muestra el recorrido de todas ellas.<\/p>\n<p>Por otra parte, tambi\u00e9n puedes consultar los detalles de las rutas en <a href=\"https:\/\/es.wikiloc.com\/wikiloc\/user.do?id=5751606\" target=\"_blank\" rel=\"noopener\">Wikiloc, siguiendo al usuario BTT VIDANGOZ<\/a>.<\/p>\n\n\n<\/div>\n","protected":false},"excerpt":{"rendered":"<div class=\"entry-summary\" itemprop=\"text\">\n<p>Aqu\u00ed puedes consultar m\u00e1s informaci\u00f3n sobre cada una de las rutas BTT que ha acondicionado el Ayuntamiento de Vid\u00e1ngoz: RUTA 1 &#8211; ODIETA; RUTA 2 &#8211; BELASKO &#8211; MONTXONENA; RUTA 3 &#8211; MARIKALDA &#8211; ARAIN; RUTA 4 &#8211; CA\u00d1ADA REAL; RUTA 5 &#8211; LEXARRA; En este enlace puedes descargar el PDF con toda la informaci\u00f3n &#8230;<\/p>\n\n<\/div>\n","protected":false},"author":1,"featured_media":0,"parent":0,"menu_order":0,"comment_status":"closed","ping_status":"closed","template":"","meta":{"ngg_post_thumbnail":0,"footnotes":""},"class_list":["post-1112","page","type-page","status-publish","hentry","entry-lead"],"_links":{"self":[{"href":"http:\/\/vidangoz.com\/es\/index.php?rest_route=\/wp\/v2\/pages\/1112","targetHints":{"allow":["GET"]}}],"collection":[{"href":"http:\/\/vidangoz.com\/es\/index.php?rest_route=\/wp\/v2\/pages"}],"about":[{"href":"http:\/\/vidangoz.com\/es\/index.php?rest_route=\/wp\/v2\/types\/page"}],"author":[{"embeddable":true,"href":"http:\/\/vidangoz.com\/es\/index.php?rest_route=\/wp\/v2\/users\/1"}],"replies":[{"embeddable":true,"href":"http:\/\/vidangoz.com\/es\/index.php?rest_route=%2Fwp%2Fv2%2Fcomments&post=1112"}],"version-history":[{"count":5,"href":"http:\/\/vidangoz.com\/es\/index.php?rest_route=\/wp\/v2\/pages\/1112\/revisions"}],"predecessor-version":[{"id":1165,"href":"http:\/\/vidangoz.com\/es\/index.php?rest_route=\/wp\/v2\/pages\/1112\/revisions\/1165"}],"wp:attachment":[{"href":"http:\/\/vidangoz.com\/es\/index.php?rest_route=%2Fwp%2Fv2%2Fmedia&parent=1112"}],"curies":[{"name":"wp","href":"https:\/\/api.w.org\/{rel}","templated":true}]}}