{"id":1108,"date":"2020-02-03T06:48:32","date_gmt":"2020-02-03T06:48:32","guid":{"rendered":"http:\/\/vidangoz.com\/es\/?page_id=1108"},"modified":"2020-02-03T18:24:35","modified_gmt":"2020-02-03T18:24:35","slug":"btt-05-lexarra-cas","status":"publish","type":"page","link":"http:\/\/vidangoz.com\/es\/?page_id=1108","title":{"rendered":"BTT 05 &#8211; LEXARRA (cas)"},"content":{"rendered":"<div class=\"entry-content\" itemprop=\"text\">\n<p><strong>Datos t\u00e9cnicos:<\/strong><\/p>\n<p><a href=\"http:\/\/vidangoz.com\/es\/wp-content\/uploads\/2020\/02\/btt_ibilbideak_05_profila-1.gif\"><img loading=\"lazy\" decoding=\"async\" class=\"alignright wp-image-1139\" src=\"http:\/\/vidangoz.com\/es\/wp-content\/uploads\/2020\/02\/btt_ibilbideak_05_profila-1-300x114.gif\" alt=\"\" width=\"450\" height=\"172\" srcset=\"http:\/\/vidangoz.com\/es\/wp-content\/uploads\/2020\/02\/btt_ibilbideak_05_profila-1-300x114.gif 300w, http:\/\/vidangoz.com\/es\/wp-content\/uploads\/2020\/02\/btt_ibilbideak_05_profila-1-768x293.gif 768w\" sizes=\"auto, (max-width: 450px) 100vw, 450px\" \/><\/a>Distancia: <strong>29,1 km<\/strong><\/p>\n<p>Desnivel acumulado: 900<strong> m<\/strong><\/p>\n<p>Tiempo estimado: <strong>3-4 h<\/strong><\/p>\n<p>Asfalto: <strong>0,4 km &#8211; 1 %<\/strong><\/p>\n<p>Pista: <strong>19,0 km &#8211; 65 %<\/strong><\/p>\n<p>Sendero: <strong>9,7 km &#8211; 34 %<\/strong><\/p>\n<p>La ruta 5 comparte los primeros 10 km con la ruta 4. En el Portillo Hilari\u00f3n se dirige al norte por un tramo de sendero para enlazar con la pista que va de Laza a Santa B\u00e1rbara y Roncal. El recorrido se\u00f1alizado sigue por esa pista con espectaculares vistas panor\u00e1micas del entorno. Una variante dura consiste en ascender (porteando) a Kakueta para luego ciclar todo el cordal hasta Santa B\u00e1rbara.<\/p>\n<p>La bajada por sendero a Vid\u00e1ngoz atraviesa las laderas de Lexarra hasta la borda Laskorna, donde se enlaza con la ruta 3. All\u00ed se toma un sendero que sube y baja por la zona de Antsoburua hasta salir a la pista de Roncal, desde donde la ruta hace un \u00faltimo bucle para acabar con final feliz: el descenso de Belasko.<\/p>\n<p><a href=\"http:\/\/www.vidangoz.com\/kirolak\/btt\/btt_ibilbideak_05_lexarra.pdf\" target=\"_blank\" rel=\"noopener\">Descargar esta ruta en PDF<\/a>.<\/p>\n<p><a href=\"https:\/\/es.wikiloc.com\/rutas-mountain-bike\/5-lexarra-45286395\" target=\"_blank\" rel=\"noopener\">Consulta esta ruta en Wikiloc<\/a>&nbsp;o desc\u00e1rgala en tu m\u00f3vil con este c\u00f3digo QR:<\/p>\n<p><a href=\"http:\/\/vidangoz.com\/es\/wp-content\/uploads\/2020\/02\/btt_ibilbideak_05_qr_kodea-1.gif\"><img loading=\"lazy\" decoding=\"async\" width=\"297\" height=\"300\" class=\"size-medium wp-image-1177 aligncenter\" src=\"http:\/\/vidangoz.com\/es\/wp-content\/uploads\/2020\/02\/btt_ibilbideak_05_qr_kodea-1-297x300.gif\" alt=\"\" srcset=\"http:\/\/vidangoz.com\/es\/wp-content\/uploads\/2020\/02\/btt_ibilbideak_05_qr_kodea-1-297x300.gif 297w, http:\/\/vidangoz.com\/es\/wp-content\/uploads\/2020\/02\/btt_ibilbideak_05_qr_kodea-1-125x125.gif 125w\" sizes=\"auto, (max-width: 297px) 100vw, 297px\" \/><\/a><\/p>\n\n\n<\/div>\n","protected":false},"excerpt":{"rendered":"<div class=\"entry-summary\" itemprop=\"text\">\n<p>Datos t\u00e9cnicos: Distancia: 29,1 km Desnivel acumulado: 900 m Tiempo estimado: 3-4 h Asfalto: 0,4 km &#8211; 1 % Pista: 19,0 km &#8211; 65 % Sendero: 9,7 km &#8211; 34 % La ruta 5 comparte los primeros 10 km con la ruta 4. En el Portillo Hilari\u00f3n se dirige al norte por un tramo de &#8230;<\/p>\n\n<\/div>\n","protected":false},"author":1,"featured_media":0,"parent":0,"menu_order":0,"comment_status":"closed","ping_status":"closed","template":"","meta":{"ngg_post_thumbnail":0,"footnotes":""},"class_list":["post-1108","page","type-page","status-publish","hentry","entry-lead"],"_links":{"self":[{"href":"http:\/\/vidangoz.com\/es\/index.php?rest_route=\/wp\/v2\/pages\/1108","targetHints":{"allow":["GET"]}}],"collection":[{"href":"http:\/\/vidangoz.com\/es\/index.php?rest_route=\/wp\/v2\/pages"}],"about":[{"href":"http:\/\/vidangoz.com\/es\/index.php?rest_route=\/wp\/v2\/types\/page"}],"author":[{"embeddable":true,"href":"http:\/\/vidangoz.com\/es\/index.php?rest_route=\/wp\/v2\/users\/1"}],"replies":[{"embeddable":true,"href":"http:\/\/vidangoz.com\/es\/index.php?rest_route=%2Fwp%2Fv2%2Fcomments&post=1108"}],"version-history":[{"count":3,"href":"http:\/\/vidangoz.com\/es\/index.php?rest_route=\/wp\/v2\/pages\/1108\/revisions"}],"predecessor-version":[{"id":1185,"href":"http:\/\/vidangoz.com\/es\/index.php?rest_route=\/wp\/v2\/pages\/1108\/revisions\/1185"}],"wp:attachment":[{"href":"http:\/\/vidangoz.com\/es\/index.php?rest_route=%2Fwp%2Fv2%2Fmedia&parent=1108"}],"curies":[{"name":"wp","href":"https:\/\/api.w.org\/{rel}","templated":true}]}}