{"id":1100,"date":"2020-02-03T06:45:40","date_gmt":"2020-02-03T06:45:40","guid":{"rendered":"http:\/\/vidangoz.com\/es\/?page_id=1100"},"modified":"2020-02-03T18:21:16","modified_gmt":"2020-02-03T18:21:16","slug":"btt-03-marikalda-arain-cas","status":"publish","type":"page","link":"http:\/\/vidangoz.com\/es\/?page_id=1100","title":{"rendered":"BTT 03 &#8211; MARIKALDA &#8211; ARAIN (cas)"},"content":{"rendered":"<div class=\"entry-content\" itemprop=\"text\">\n<p><strong>Datos t\u00e9cnicos:<\/strong><\/p>\n<p><a href=\"http:\/\/vidangoz.com\/es\/wp-content\/uploads\/2020\/02\/btt_ibilbideak_03_profila-1.gif\"><img loading=\"lazy\" decoding=\"async\" class=\"alignright wp-image-1137\" src=\"http:\/\/vidangoz.com\/es\/wp-content\/uploads\/2020\/02\/btt_ibilbideak_03_profila-1-300x110.gif\" alt=\"\" width=\"450\" height=\"165\" srcset=\"http:\/\/vidangoz.com\/es\/wp-content\/uploads\/2020\/02\/btt_ibilbideak_03_profila-1-300x110.gif 300w, http:\/\/vidangoz.com\/es\/wp-content\/uploads\/2020\/02\/btt_ibilbideak_03_profila-1-768x281.gif 768w\" sizes=\"auto, (max-width: 450px) 100vw, 450px\" \/><\/a>Distancia: <strong>20,2 km<\/strong><\/p>\n<p>Desnivel acumulado: 628<strong> m<\/strong><\/p>\n<p>Tiempo estimado: <strong>2-3 h<\/strong><\/p>\n<p>Asfalto: <strong>3,7 km &#8211; 18 %<\/strong><\/p>\n<p>Pista: <strong>10,1 km &#8211; 50 %<\/strong><\/p>\n<p>Sendero: <strong>6,5 km &#8211; 32 %<\/strong><\/p>\n<p>Este recorrido se distingue del resto porque sus senderos, aunque abundantes, son menos t\u00e9cnicos, por lo que se puede considerar una ruta m\u00e1s tirando a XC que a enduro\u2026 pero cuidado, seguro que en alg\u00fan paso habr\u00e1 que bajarse de la bici.<\/p>\n<p>La ruta comienza ascendiendo por carretera de Igal hasta lo alto del puerto, donde se toma una pista muy empinada y dura que lleva hasta la zona de Ezkaze. Desde all\u00ed un buen sendero baja hasta Vid\u00e1ngoz recorriendo las laderas de Marikalda (tramo de subida en la ruta 2). Un segundo bucle asciende por la pista de Roncal y en lo m\u00e1s alto toma un sendero de sube y baja hasta la borda Laskorna, desde donde desciende r\u00e1pidamente por la zona de Arain hasta el fondo del valle.<\/p>\n<p><a href=\"http:\/\/www.vidangoz.com\/kirolak\/btt\/btt_ibilbideak_03_marikalda-arain.pdf\" target=\"_blank\" rel=\"noopener\">Descargar esta ruta en PDF<\/a>.<\/p>\n<p><a href=\"https:\/\/es.wikiloc.com\/rutas-mountain-bike\/3-marikalda-arain-43688283\" target=\"_blank\" rel=\"noopener\">Consulta esta ruta en Wikiloc<\/a>&nbsp;o desc\u00e1rgala en tu m\u00f3vil con este c\u00f3digo QR:<\/p>\n<p><a href=\"http:\/\/vidangoz.com\/es\/wp-content\/uploads\/2020\/02\/btt_ibilbideak_03_qr_kodea-1.gif\"><img loading=\"lazy\" decoding=\"async\" width=\"297\" height=\"300\" class=\"size-medium wp-image-1175 aligncenter\" src=\"http:\/\/vidangoz.com\/es\/wp-content\/uploads\/2020\/02\/btt_ibilbideak_03_qr_kodea-1-297x300.gif\" alt=\"\" srcset=\"http:\/\/vidangoz.com\/es\/wp-content\/uploads\/2020\/02\/btt_ibilbideak_03_qr_kodea-1-297x300.gif 297w, http:\/\/vidangoz.com\/es\/wp-content\/uploads\/2020\/02\/btt_ibilbideak_03_qr_kodea-1-125x125.gif 125w\" sizes=\"auto, (max-width: 297px) 100vw, 297px\" \/><\/a><\/p>\n\n\n<\/div>\n","protected":false},"excerpt":{"rendered":"<div class=\"entry-summary\" itemprop=\"text\">\n<p>Datos t\u00e9cnicos: Distancia: 20,2 km Desnivel acumulado: 628 m Tiempo estimado: 2-3 h Asfalto: 3,7 km &#8211; 18 % Pista: 10,1 km &#8211; 50 % Sendero: 6,5 km &#8211; 32 % Este recorrido se distingue del resto porque sus senderos, aunque abundantes, son menos t\u00e9cnicos, por lo que se puede considerar una ruta m\u00e1s tirando &#8230;<\/p>\n\n<\/div>\n","protected":false},"author":1,"featured_media":0,"parent":0,"menu_order":0,"comment_status":"closed","ping_status":"closed","template":"","meta":{"ngg_post_thumbnail":0,"footnotes":""},"class_list":["post-1100","page","type-page","status-publish","hentry","entry-lead"],"_links":{"self":[{"href":"http:\/\/vidangoz.com\/es\/index.php?rest_route=\/wp\/v2\/pages\/1100","targetHints":{"allow":["GET"]}}],"collection":[{"href":"http:\/\/vidangoz.com\/es\/index.php?rest_route=\/wp\/v2\/pages"}],"about":[{"href":"http:\/\/vidangoz.com\/es\/index.php?rest_route=\/wp\/v2\/types\/page"}],"author":[{"embeddable":true,"href":"http:\/\/vidangoz.com\/es\/index.php?rest_route=\/wp\/v2\/users\/1"}],"replies":[{"embeddable":true,"href":"http:\/\/vidangoz.com\/es\/index.php?rest_route=%2Fwp%2Fv2%2Fcomments&post=1100"}],"version-history":[{"count":3,"href":"http:\/\/vidangoz.com\/es\/index.php?rest_route=\/wp\/v2\/pages\/1100\/revisions"}],"predecessor-version":[{"id":1181,"href":"http:\/\/vidangoz.com\/es\/index.php?rest_route=\/wp\/v2\/pages\/1100\/revisions\/1181"}],"wp:attachment":[{"href":"http:\/\/vidangoz.com\/es\/index.php?rest_route=%2Fwp%2Fv2%2Fmedia&parent=1100"}],"curies":[{"name":"wp","href":"https:\/\/api.w.org\/{rel}","templated":true}]}}