{"id":1096,"date":"2020-02-03T06:44:03","date_gmt":"2020-02-03T06:44:03","guid":{"rendered":"http:\/\/vidangoz.com\/es\/?page_id=1096"},"modified":"2020-02-03T18:19:02","modified_gmt":"2020-02-03T18:19:02","slug":"btt-02-belasko-montxonena-cas","status":"publish","type":"page","link":"http:\/\/vidangoz.com\/es\/?page_id=1096","title":{"rendered":"BTT 02 &#8211; BELASKO &#8211; MONTXONENA (cas)"},"content":{"rendered":"<div class=\"entry-content\" itemprop=\"text\">\n<p><strong>Datos t\u00e9cnicos:<\/strong><\/p>\n<p><a href=\"http:\/\/vidangoz.com\/es\/wp-content\/uploads\/2020\/02\/btt_ibilbideak_02_profila-1.gif\"><img loading=\"lazy\" decoding=\"async\" class=\"alignright wp-image-1136\" src=\"http:\/\/vidangoz.com\/es\/wp-content\/uploads\/2020\/02\/btt_ibilbideak_02_profila-1-300x110.gif\" alt=\"\" width=\"450\" height=\"166\" srcset=\"http:\/\/vidangoz.com\/es\/wp-content\/uploads\/2020\/02\/btt_ibilbideak_02_profila-1-300x110.gif 300w, http:\/\/vidangoz.com\/es\/wp-content\/uploads\/2020\/02\/btt_ibilbideak_02_profila-1-768x283.gif 768w\" sizes=\"auto, (max-width: 450px) 100vw, 450px\" \/><\/a>Distancia: <strong>17,3 km<\/strong><\/p>\n<p>Desnivel acumulado: 680<strong> m<\/strong><\/p>\n<p>Tiempo estimado: <strong>3 h<\/strong><\/p>\n<p>Asfalto: <strong>1,3 km &#8211; 8 %<\/strong><\/p>\n<p>Pista: <strong>3,5 km &#8211; 20 %<\/strong><\/p>\n<p>Sendero: <strong>12,5 km &#8211; 72 %<\/strong><\/p>\n<p>Ruta de enduro con un 75% de senderos en la que destaca la bajada por el abetar de Belasko. Consta de dos bucles que pueden realizarse por separado o enlazarse con otras rutas se\u00f1alizadas.<\/p>\n<p>El primer bucle asciende hacia el este en com\u00fan con la ruta 1. Pronto se toma un sendero duro que sube y baja, y que incluso requiere un corto porteo. Tras el espectacular descenso de Belasko, se toma la carretera en direcci\u00f3n sur. El segundo bucle comienza subiendo por un empinado sendero, en el que tambi\u00e9n ser\u00e1 necesario empujar la bici (puede evitarse dando un gran rodeo por la ruta 3). Tras 500 m la senda se vuelve m\u00e1s llana y ciclable. Tras alcanzar el collado superior comienza el largo y pele\u00f3n sendero de Borda Montxonena.<\/p>\n<p><a href=\"http:\/\/www.vidangoz.com\/kirolak\/btt\/btt_ibilbideak_02_belasko-montxonena.pdf\" target=\"_blank\" rel=\"noopener\">Descargar esta ruta en PDF<\/a>.<\/p>\n<p><a href=\"https:\/\/es.wikiloc.com\/rutas-mountain-bike\/2-belasko-montxonena-45285885\" target=\"_blank\" rel=\"noopener\">Consulta esta ruta en Wikiloc<\/a>&nbsp;o desc\u00e1rgala en tu m\u00f3vil con este c\u00f3digo QR:<\/p>\n<p><a href=\"http:\/\/vidangoz.com\/es\/wp-content\/uploads\/2020\/02\/btt_ibilbideak_02_qr_kodea-1.gif\"><img loading=\"lazy\" decoding=\"async\" class=\"aligncenter wp-image-1174 size-medium\" src=\"http:\/\/vidangoz.com\/es\/wp-content\/uploads\/2020\/02\/btt_ibilbideak_02_qr_kodea-1-300x294.gif\" alt=\"\" width=\"300\" height=\"294\"><\/a><\/p>\n\n\n<\/div>\n","protected":false},"excerpt":{"rendered":"<div class=\"entry-summary\" itemprop=\"text\">\n<p>Datos t\u00e9cnicos: Distancia: 17,3 km Desnivel acumulado: 680 m Tiempo estimado: 3 h Asfalto: 1,3 km &#8211; 8 % Pista: 3,5 km &#8211; 20 % Sendero: 12,5 km &#8211; 72 % Ruta de enduro con un 75% de senderos en la que destaca la bajada por el abetar de Belasko. Consta de dos bucles que &#8230;<\/p>\n\n<\/div>\n","protected":false},"author":1,"featured_media":0,"parent":0,"menu_order":0,"comment_status":"closed","ping_status":"closed","template":"","meta":{"ngg_post_thumbnail":0,"footnotes":""},"class_list":["post-1096","page","type-page","status-publish","hentry","entry-lead"],"_links":{"self":[{"href":"http:\/\/vidangoz.com\/es\/index.php?rest_route=\/wp\/v2\/pages\/1096","targetHints":{"allow":["GET"]}}],"collection":[{"href":"http:\/\/vidangoz.com\/es\/index.php?rest_route=\/wp\/v2\/pages"}],"about":[{"href":"http:\/\/vidangoz.com\/es\/index.php?rest_route=\/wp\/v2\/types\/page"}],"author":[{"embeddable":true,"href":"http:\/\/vidangoz.com\/es\/index.php?rest_route=\/wp\/v2\/users\/1"}],"replies":[{"embeddable":true,"href":"http:\/\/vidangoz.com\/es\/index.php?rest_route=%2Fwp%2Fv2%2Fcomments&post=1096"}],"version-history":[{"count":4,"href":"http:\/\/vidangoz.com\/es\/index.php?rest_route=\/wp\/v2\/pages\/1096\/revisions"}],"predecessor-version":[{"id":1179,"href":"http:\/\/vidangoz.com\/es\/index.php?rest_route=\/wp\/v2\/pages\/1096\/revisions\/1179"}],"wp:attachment":[{"href":"http:\/\/vidangoz.com\/es\/index.php?rest_route=%2Fwp%2Fv2%2Fmedia&parent=1096"}],"curies":[{"name":"wp","href":"https:\/\/api.w.org\/{rel}","templated":true}]}}