{"id":1092,"date":"2020-02-03T06:42:11","date_gmt":"2020-02-03T06:42:11","guid":{"rendered":"http:\/\/vidangoz.com\/es\/?page_id=1092"},"modified":"2020-02-03T18:17:15","modified_gmt":"2020-02-03T18:17:15","slug":"btt-01-odieta-cas","status":"publish","type":"page","link":"http:\/\/vidangoz.com\/es\/?page_id=1092","title":{"rendered":"BTT 01 &#8211; ODIETA (cas)"},"content":{"rendered":"<div class=\"entry-content\" itemprop=\"text\">\n<p><strong>Datos t\u00e9cnicos:<\/strong><\/p>\n<p><a href=\"http:\/\/vidangoz.com\/es\/wp-content\/uploads\/2020\/02\/btt_ibilbideak_01_profila-1.gif\"><img loading=\"lazy\" decoding=\"async\" class=\"alignright wp-image-1135\" src=\"http:\/\/vidangoz.com\/es\/wp-content\/uploads\/2020\/02\/btt_ibilbideak_01_profila-1-300x118.gif\" alt=\"\" width=\"450\" height=\"177\" srcset=\"http:\/\/vidangoz.com\/es\/wp-content\/uploads\/2020\/02\/btt_ibilbideak_01_profila-1-300x118.gif 300w, http:\/\/vidangoz.com\/es\/wp-content\/uploads\/2020\/02\/btt_ibilbideak_01_profila-1-768x302.gif 768w\" sizes=\"auto, (max-width: 450px) 100vw, 450px\" \/><\/a>Distancia: <strong>12,8 km<\/strong><\/p>\n<p>Desnivel acumulado: <strong>460 m<\/strong><\/p>\n<p>Tiempo estimado: <strong>1,5 &#8211; 2 h<\/strong><\/p>\n<p>Asfalto: <strong>3,1 km &#8211; 24 %<\/strong><\/p>\n<p>Pista: <strong>3,5 km &#8211; 28 %<\/strong><\/p>\n<p>Sendero: <strong>6,2 km &#8211; 48 %<\/strong><\/p>\n<p>Ruta de enduro con alto porcentaje de senderos de buena calidad que aprovecha varios tramos del Camino Real para acceder al excelente descenso del barranco de Odieta.<\/p>\n<p>El recorrido comienza ascendiendo por pista hasta la divisoria con el valle del r\u00edo Esca, contin\u00faa hacia el sur y, justo antes de un gran campo, toma el sendero del Camino Real. Desde all\u00ed tenemos un festival de senderos, tanto de subida como de bajada, con algunos pasos t\u00e9cnicos y terreno muy variado. En un collado se abandona el GR para bordear el pico Argible por el sur. Tras conectar de nuevo con el GR el sendero sigue siendo pele\u00f3n hasta que comienza el descenso por la senda de Odieta. El regreso a Vid\u00e1ngoz se realiza por la carretera.<\/p>\n<p><a href=\"http:\/\/www.vidangoz.com\/kirolak\/btt\/btt_ibilbideak_01_odieta.pdf\" target=\"_blank\" rel=\"noopener\">Descargar esta ruta en PDF<\/a>.<\/p>\n<p><a href=\"https:\/\/es.wikiloc.com\/rutas-mountain-bike\/1-odieta-45285502\" target=\"_blank\" rel=\"noopener\">Consultar esta ruta en Wikiloc<\/a>&nbsp;o desc\u00e1rgala en tu m\u00f3vil con este c\u00f3digo QR:<\/p>\n<p><a href=\"http:\/\/vidangoz.com\/es\/wp-content\/uploads\/2020\/02\/btt_ibilbideak_01_qr_kodea-1.gif\"><img loading=\"lazy\" decoding=\"async\" width=\"224\" height=\"221\" class=\"size-full wp-image-1173 aligncenter\" src=\"http:\/\/vidangoz.com\/es\/wp-content\/uploads\/2020\/02\/btt_ibilbideak_01_qr_kodea-1.gif\" alt=\"\"><\/a><\/p>\n\n\n<\/div>\n","protected":false},"excerpt":{"rendered":"<div class=\"entry-summary\" itemprop=\"text\">\n<p>Datos t\u00e9cnicos: Distancia: 12,8 km Desnivel acumulado: 460 m Tiempo estimado: 1,5 &#8211; 2 h Asfalto: 3,1 km &#8211; 24 % Pista: 3,5 km &#8211; 28 % Sendero: 6,2 km &#8211; 48 % Ruta de enduro con alto porcentaje de senderos de buena calidad que aprovecha varios tramos del Camino Real para acceder al excelente &#8230;<\/p>\n\n<\/div>\n","protected":false},"author":1,"featured_media":0,"parent":0,"menu_order":0,"comment_status":"closed","ping_status":"closed","template":"","meta":{"ngg_post_thumbnail":0,"footnotes":""},"class_list":["post-1092","page","type-page","status-publish","hentry","entry-lead"],"_links":{"self":[{"href":"http:\/\/vidangoz.com\/es\/index.php?rest_route=\/wp\/v2\/pages\/1092","targetHints":{"allow":["GET"]}}],"collection":[{"href":"http:\/\/vidangoz.com\/es\/index.php?rest_route=\/wp\/v2\/pages"}],"about":[{"href":"http:\/\/vidangoz.com\/es\/index.php?rest_route=\/wp\/v2\/types\/page"}],"author":[{"embeddable":true,"href":"http:\/\/vidangoz.com\/es\/index.php?rest_route=\/wp\/v2\/users\/1"}],"replies":[{"embeddable":true,"href":"http:\/\/vidangoz.com\/es\/index.php?rest_route=%2Fwp%2Fv2%2Fcomments&post=1092"}],"version-history":[{"count":6,"href":"http:\/\/vidangoz.com\/es\/index.php?rest_route=\/wp\/v2\/pages\/1092\/revisions"}],"predecessor-version":[{"id":1178,"href":"http:\/\/vidangoz.com\/es\/index.php?rest_route=\/wp\/v2\/pages\/1092\/revisions\/1178"}],"wp:attachment":[{"href":"http:\/\/vidangoz.com\/es\/index.php?rest_route=%2Fwp%2Fv2%2Fmedia&parent=1092"}],"curies":[{"name":"wp","href":"https:\/\/api.w.org\/{rel}","templated":true}]}}