{"id":1088,"date":"2020-02-03T06:33:03","date_gmt":"2020-02-03T06:33:03","guid":{"rendered":"http:\/\/vidangoz.com\/es\/?page_id=1088"},"modified":"2025-08-12T20:46:57","modified_gmt":"2025-08-12T20:46:57","slug":"deporte","status":"publish","type":"page","link":"http:\/\/vidangoz.com\/es\/?page_id=1088","title":{"rendered":"Deporte"},"content":{"rendered":"<div class=\"entry-content\" itemprop=\"text\">\n<p>El Ayuntamiento de Vid\u00e1ngoz, con ayuda de Gobierno de Navarra y los fondos FEADER de la UE a trav\u00e9s de la Medida 19.02 del Programa de Desarrollo Rural de Navarra 2014-2020, ha llevado a cabo el equipamiento de varios sectores de escalada y de cinco rutas de BTT en el municipio, a cuya descripci\u00f3n se puede acceder mediante los enlaces al final de esta p\u00e1gina.<\/p>\n<p><a href=\"http:\/\/vidangoz.com\/es\/wp-content\/uploads\/2020\/02\/logo_color_web-1.png\"><img loading=\"lazy\" decoding=\"async\" width=\"238\" height=\"200\" class=\"alignright size-full wp-image-1123\" src=\"http:\/\/vidangoz.com\/es\/wp-content\/uploads\/2020\/02\/logo_color_web-1.png\" alt=\"\"><\/a>Adem\u00e1s, en la entrada del pueblo se ha acondicionado un \u00e1rea de acogida tanto para ciclistas como para escaladores. En este folleto puedes encontrar informaci\u00f3n detallada de las rutas BTT con sus datos t\u00e9cnicos, perfil topogr\u00e1fico y una breve descripci\u00f3n, adem\u00e1s de un mapa cartogr\u00e1fico de las rutas.<\/p>\n<p>En 2025, se ha a\u00f1adido a esta propuesta deportiva una v\u00eda ferrata.<\/p>\n<p><strong>Y no olvides que para que este proyecto tenga \u00e9xito, es importante que utilicemos los servicios del pueblo (bar, casa rural, taxi, queser\u00eda, etc.).<\/strong><\/p>\n<p><strong><a href=\"http:\/\/vidangoz.com\/es\/?page_id=1112&amp;lang=es\">Consultar RUTAS BTT<\/a>.<\/strong><\/p>\n<p><strong><a href=\"http:\/\/vidangoz.com\/es\/?page_id=1201&amp;lang=es\">Consultar SECTORES DE ESCALADA<\/a>.<\/strong><\/p>\n<p><strong><a href=\"http:\/\/vidangoz.com\/es\/?page_id=1315&amp;lang=es\">Consultar V\u00cdA FERRATA<\/a><\/strong>.<\/p>\n\n\n<\/div>\n","protected":false},"excerpt":{"rendered":"<div class=\"entry-summary\" itemprop=\"text\">\n<p>El Ayuntamiento de Vid\u00e1ngoz, con ayuda de Gobierno de Navarra y los fondos FEADER de la UE a trav\u00e9s de la Medida 19.02 del Programa de Desarrollo Rural de Navarra 2014-2020, ha llevado a cabo el equipamiento de varios sectores de escalada y de cinco rutas de BTT en el municipio, a cuya descripci\u00f3n se &#8230;<\/p>\n\n<\/div>\n","protected":false},"author":1,"featured_media":0,"parent":0,"menu_order":0,"comment_status":"closed","ping_status":"closed","template":"","meta":{"ngg_post_thumbnail":0,"footnotes":""},"class_list":["post-1088","page","type-page","status-publish","hentry","entry-lead"],"_links":{"self":[{"href":"http:\/\/vidangoz.com\/es\/index.php?rest_route=\/wp\/v2\/pages\/1088","targetHints":{"allow":["GET"]}}],"collection":[{"href":"http:\/\/vidangoz.com\/es\/index.php?rest_route=\/wp\/v2\/pages"}],"about":[{"href":"http:\/\/vidangoz.com\/es\/index.php?rest_route=\/wp\/v2\/types\/page"}],"author":[{"embeddable":true,"href":"http:\/\/vidangoz.com\/es\/index.php?rest_route=\/wp\/v2\/users\/1"}],"replies":[{"embeddable":true,"href":"http:\/\/vidangoz.com\/es\/index.php?rest_route=%2Fwp%2Fv2%2Fcomments&post=1088"}],"version-history":[{"count":18,"href":"http:\/\/vidangoz.com\/es\/index.php?rest_route=\/wp\/v2\/pages\/1088\/revisions"}],"predecessor-version":[{"id":1328,"href":"http:\/\/vidangoz.com\/es\/index.php?rest_route=\/wp\/v2\/pages\/1088\/revisions\/1328"}],"wp:attachment":[{"href":"http:\/\/vidangoz.com\/es\/index.php?rest_route=%2Fwp%2Fv2%2Fmedia&parent=1088"}],"curies":[{"name":"wp","href":"https:\/\/api.w.org\/{rel}","templated":true}]}}